{"id":17013,"date":"2023-07-12T14:54:17","date_gmt":"2023-07-12T13:54:17","guid":{"rendered":"https:\/\/www.demont.it\/?page_id=17013"},"modified":"2023-07-19T10:05:41","modified_gmt":"2023-07-19T09:05:41","slug":"storie-di-ingegneria","status":"publish","type":"page","link":"https:\/\/www.demont.it\/it\/lavora-con-noi\/storie-di-ingegneria\/","title":{"rendered":"Storie di ingegneria"},"content":{"rendered":"\t\t<div data-elementor-type=\"wp-page\" data-elementor-id=\"17013\" class=\"elementor elementor-17013\" data-elementor-settings=\"{&quot;ha_cmc_init_switcher&quot;:&quot;no&quot;}\" data-elementor-post-type=\"page\">\n\t\t\t\t\t\t<section class=\"elementor-section elementor-top-section elementor-element elementor-element-2fb20a0f elementor-section-height-min-height elementor-section-items-stretch elementor-section-content-middle elementor-section-full_width elementor-section-height-default\" data-id=\"2fb20a0f\" data-element_type=\"section\" data-e-type=\"section\" data-settings=\"{&quot;background_background&quot;:&quot;classic&quot;,&quot;_ha_eqh_enable&quot;:false}\">\n\t\t\t\t\t\t\t<div class=\"elementor-background-overlay\"><\/div>\n\t\t\t\t\t\t\t<div class=\"elementor-container elementor-column-gap-default\">\n\t\t\t\t\t<div class=\"elementor-column elementor-col-100 elementor-top-column elementor-element elementor-element-9f7763d\" data-id=\"9f7763d\" data-element_type=\"column\" data-e-type=\"column\">\n\t\t\t<div class=\"elementor-widget-wrap elementor-element-populated\">\n\t\t\t\t\t\t<div class=\"elementor-element elementor-element-6291453d elementor-invisible elementor-widget elementor-widget-heading\" data-id=\"6291453d\" data-element_type=\"widget\" data-e-type=\"widget\" data-settings=\"{&quot;_animation&quot;:&quot;fadeIn&quot;}\" data-widget_type=\"heading.default\">\n\t\t\t\t<div class=\"elementor-widget-container\">\n\t\t\t\t\t<h1 class=\"elementor-heading-title elementor-size-default\">Storie di ingegneria<\/h1>\t\t\t\t<\/div>\n\t\t\t\t<\/div>\n\t\t\t\t\t<\/div>\n\t\t<\/div>\n\t\t\t\t\t<\/div>\n\t\t<\/section>\n\t\t\t\t<section class=\"elementor-section elementor-top-section elementor-element elementor-element-4c0e0de elementor-section-full_width elementor-section-height-default elementor-section-height-default\" data-id=\"4c0e0de\" data-element_type=\"section\" data-e-type=\"section\" data-settings=\"{&quot;background_background&quot;:&quot;classic&quot;,&quot;_ha_eqh_enable&quot;:false}\">\n\t\t\t\t\t\t<div class=\"elementor-container elementor-column-gap-default\">\n\t\t\t\t\t<div class=\"elementor-column elementor-col-100 elementor-top-column elementor-element elementor-element-f5d853d\" data-id=\"f5d853d\" data-element_type=\"column\" data-e-type=\"column\">\n\t\t\t<div class=\"elementor-widget-wrap elementor-element-populated\">\n\t\t\t\t\t\t<div class=\"elementor-element elementor-element-a50357b elementor-position-block-start elementor-widget__width-auto elementor-fixed e-transform e-transform animated-slow elementor-view-default elementor-mobile-position-block-start elementor-invisible elementor-widget elementor-widget-global elementor-global-17403 elementor-widget-icon-box\" data-id=\"a50357b\" data-element_type=\"widget\" data-e-type=\"widget\" data-settings=\"{&quot;_position&quot;:&quot;fixed&quot;,&quot;_transform_rotateZ_effect&quot;:{&quot;unit&quot;:&quot;px&quot;,&quot;size&quot;:-90,&quot;sizes&quot;:[]},&quot;_transform_rotate_3d&quot;:&quot;yes&quot;,&quot;_transform_translateX_effect_hover&quot;:{&quot;unit&quot;:&quot;px&quot;,&quot;size&quot;:5,&quot;sizes&quot;:[]},&quot;_animation&quot;:&quot;fadeInRight&quot;,&quot;_transform_rotateZ_effect_tablet&quot;:{&quot;unit&quot;:&quot;deg&quot;,&quot;size&quot;:&quot;&quot;,&quot;sizes&quot;:[]},&quot;_transform_rotateZ_effect_mobile&quot;:{&quot;unit&quot;:&quot;deg&quot;,&quot;size&quot;:&quot;&quot;,&quot;sizes&quot;:[]},&quot;_transform_rotateX_effect&quot;:{&quot;unit&quot;:&quot;px&quot;,&quot;size&quot;:&quot;&quot;,&quot;sizes&quot;:[]},&quot;_transform_rotateX_effect_tablet&quot;:{&quot;unit&quot;:&quot;deg&quot;,&quot;size&quot;:&quot;&quot;,&quot;sizes&quot;:[]},&quot;_transform_rotateX_effect_mobile&quot;:{&quot;unit&quot;:&quot;deg&quot;,&quot;size&quot;:&quot;&quot;,&quot;sizes&quot;:[]},&quot;_transform_rotateY_effect&quot;:{&quot;unit&quot;:&quot;px&quot;,&quot;size&quot;:&quot;&quot;,&quot;sizes&quot;:[]},&quot;_transform_rotateY_effect_tablet&quot;:{&quot;unit&quot;:&quot;deg&quot;,&quot;size&quot;:&quot;&quot;,&quot;sizes&quot;:[]},&quot;_transform_rotateY_effect_mobile&quot;:{&quot;unit&quot;:&quot;deg&quot;,&quot;size&quot;:&quot;&quot;,&quot;sizes&quot;:[]},&quot;_transform_perspective_effect&quot;:{&quot;unit&quot;:&quot;px&quot;,&quot;size&quot;:&quot;&quot;,&quot;sizes&quot;:[]},&quot;_transform_perspective_effect_tablet&quot;:{&quot;unit&quot;:&quot;px&quot;,&quot;size&quot;:&quot;&quot;,&quot;sizes&quot;:[]},&quot;_transform_perspective_effect_mobile&quot;:{&quot;unit&quot;:&quot;px&quot;,&quot;size&quot;:&quot;&quot;,&quot;sizes&quot;:[]},&quot;_transform_translateX_effect_hover_tablet&quot;:{&quot;unit&quot;:&quot;px&quot;,&quot;size&quot;:&quot;&quot;,&quot;sizes&quot;:[]},&quot;_transform_translateX_effect_hover_mobile&quot;:{&quot;unit&quot;:&quot;px&quot;,&quot;size&quot;:&quot;&quot;,&quot;sizes&quot;:[]},&quot;_transform_translateY_effect_hover&quot;:{&quot;unit&quot;:&quot;px&quot;,&quot;size&quot;:&quot;&quot;,&quot;sizes&quot;:[]},&quot;_transform_translateY_effect_hover_tablet&quot;:{&quot;unit&quot;:&quot;px&quot;,&quot;size&quot;:&quot;&quot;,&quot;sizes&quot;:[]},&quot;_transform_translateY_effect_hover_mobile&quot;:{&quot;unit&quot;:&quot;px&quot;,&quot;size&quot;:&quot;&quot;,&quot;sizes&quot;:[]}}\" data-widget_type=\"icon-box.default\">\n\t\t\t\t<div class=\"elementor-widget-container\">\n\t\t\t\t\t\t\t<div class=\"elementor-icon-box-wrapper\">\n\n\t\t\t\t\t\t<div class=\"elementor-icon-box-icon\">\n\t\t\t\t<a href=\"https:\/\/www.demont.it\/it\/lavora-con-noi\/open-job-candidatura-spontanea\/\" class=\"elementor-icon elementor-animation-shrink\" tabindex=\"-1\" aria-label=\"invia&lt;br&gt;il tuo&lt;br&gt;CV\">\n\t\t\t\t<i aria-hidden=\"true\" class=\"fab fa-telegram-plane\"><\/i>\t\t\t\t<\/a>\n\t\t\t<\/div>\n\t\t\t\n\t\t\t\t\t\t<div class=\"elementor-icon-box-content\">\n\n\t\t\t\t\t\t\t\t\t<p class=\"elementor-icon-box-title\">\n\t\t\t\t\t\t<a href=\"https:\/\/www.demont.it\/it\/lavora-con-noi\/open-job-candidatura-spontanea\/\" >\n\t\t\t\t\t\t\tinvia<br>il tuo<br>CV\t\t\t\t\t\t<\/a>\n\t\t\t\t\t<\/p>\n\t\t\t\t\n\t\t\t\t\n\t\t\t<\/div>\n\t\t\t\n\t\t<\/div>\n\t\t\t\t\t\t<\/div>\n\t\t\t\t<\/div>\n\t\t\t\t<div class=\"elementor-element elementor-element-ccc8d10 elementor-widget elementor-widget-heading\" data-id=\"ccc8d10\" data-element_type=\"widget\" data-e-type=\"widget\" data-widget_type=\"heading.default\">\n\t\t\t\t<div class=\"elementor-widget-container\">\n\t\t\t\t\t<h3 class=\"elementor-heading-title elementor-size-default\">La Storia di Raffaella<\/h3>\t\t\t\t<\/div>\n\t\t\t\t<\/div>\n\t\t\t\t<div class=\"elementor-element elementor-element-6f89d4c elementor-widget elementor-widget-heading\" data-id=\"6f89d4c\" data-element_type=\"widget\" data-e-type=\"widget\" data-widget_type=\"heading.default\">\n\t\t\t\t<div class=\"elementor-widget-container\">\n\t\t\t\t\t<p class=\"elementor-heading-title elementor-size-default\">vita in demont<\/p>\t\t\t\t<\/div>\n\t\t\t\t<\/div>\n\t\t\t\t<div class=\"elementor-element elementor-element-9ef8c73 elementor-widget elementor-widget-heading\" data-id=\"9ef8c73\" data-element_type=\"widget\" data-e-type=\"widget\" data-widget_type=\"heading.default\">\n\t\t\t\t<div class=\"elementor-widget-container\">\n\t\t\t\t\t<p class=\"elementor-heading-title elementor-size-default\">da impiegata a capo dell'ingegneria<\/p>\t\t\t\t<\/div>\n\t\t\t\t<\/div>\n\t\t\t\t\t<\/div>\n\t\t<\/div>\n\t\t\t\t\t<\/div>\n\t\t<\/section>\n\t\t\t\t<section class=\"elementor-section elementor-top-section elementor-element elementor-element-93fedcd elementor-section-boxed elementor-section-height-default elementor-section-height-default\" data-id=\"93fedcd\" data-element_type=\"section\" data-e-type=\"section\" data-settings=\"{&quot;_ha_eqh_enable&quot;:false}\">\n\t\t\t\t\t\t<div class=\"elementor-container elementor-column-gap-default\">\n\t\t\t\t\t<div class=\"elementor-column elementor-col-33 elementor-top-column elementor-element elementor-element-5b86e34\" data-id=\"5b86e34\" data-element_type=\"column\" data-e-type=\"column\">\n\t\t\t<div class=\"elementor-widget-wrap elementor-element-populated\">\n\t\t\t\t\t\t<div class=\"elementor-element elementor-element-f2fdf29 elementor-widget__width-initial elementor-widget elementor-widget-image\" data-id=\"f2fdf29\" data-element_type=\"widget\" data-e-type=\"widget\" data-widget_type=\"image.default\">\n\t\t\t\t<div class=\"elementor-widget-container\">\n\t\t\t\t\t\t\t\t\t\t\t\t\t\t\t<img fetchpriority=\"high\" decoding=\"async\" width=\"734\" height=\"850\" src=\"https:\/\/www.demont.it\/wp-content\/uploads\/2023\/07\/raffaella-gai-ingegneria.jpg\" class=\"attachment-large size-large wp-image-17017\" alt=\"\" srcset=\"https:\/\/www.demont.it\/wp-content\/uploads\/2023\/07\/raffaella-gai-ingegneria.jpg 734w, https:\/\/www.demont.it\/wp-content\/uploads\/2023\/07\/raffaella-gai-ingegneria-259x300.jpg 259w\" sizes=\"(max-width: 734px) 100vw, 734px\" \/>\t\t\t\t\t\t\t\t\t\t\t\t\t\t\t<\/div>\n\t\t\t\t<\/div>\n\t\t\t\t\t<\/div>\n\t\t<\/div>\n\t\t\t\t<div class=\"elementor-column elementor-col-33 elementor-top-column elementor-element elementor-element-623b891\" data-id=\"623b891\" data-element_type=\"column\" data-e-type=\"column\">\n\t\t\t<div class=\"elementor-widget-wrap elementor-element-populated\">\n\t\t\t\t\t\t<div class=\"elementor-element elementor-element-6910e9e elementor-widget elementor-widget-heading\" data-id=\"6910e9e\" data-element_type=\"widget\" data-e-type=\"widget\" data-widget_type=\"heading.default\">\n\t\t\t\t<div class=\"elementor-widget-container\">\n\t\t\t\t\t<p class=\"elementor-heading-title elementor-size-default\">Raffaella, cosa significa per te lavorare in Demont?<\/p>\t\t\t\t<\/div>\n\t\t\t\t<\/div>\n\t\t\t\t<div class=\"elementor-element elementor-element-b401e30 elementor-view-default elementor-widget elementor-widget-icon\" data-id=\"b401e30\" data-element_type=\"widget\" data-e-type=\"widget\" data-widget_type=\"icon.default\">\n\t\t\t\t<div class=\"elementor-widget-container\">\n\t\t\t\t\t\t\t<div class=\"elementor-icon-wrapper\">\n\t\t\t<div class=\"elementor-icon\">\n\t\t\t<i aria-hidden=\"true\" class=\"fas fa-quote-left\"><\/i>\t\t\t<\/div>\n\t\t<\/div>\n\t\t\t\t\t\t<\/div>\n\t\t\t\t<\/div>\n\t\t\t\t<div class=\"elementor-element elementor-element-145cbe3 elementor-blockquote--skin-clean elementor-widget__width-initial elementor-widget elementor-widget-blockquote\" data-id=\"145cbe3\" data-element_type=\"widget\" data-e-type=\"widget\" data-widget_type=\"blockquote.default\">\n\t\t\t\t<div class=\"elementor-widget-container\">\n\t\t\t\t\t\t\t<blockquote class=\"elementor-blockquote\">\n\t\t\t<p class=\"elementor-blockquote__content\">\n\t\t\t\tLavorare in Demont per me \u00e8 stato, ed \u00e8 tuttora, un percorso bellissimo che mi ha consentito di crescere professionalmente <strong><strong>conciliando la carriera con la genitorialit\u00e0<\/strong><\/strong>.<br \/> La <strong><strong>flessibilit\u00e0<\/strong><\/strong> \u00e8 stata fondamentale: sono riuscita a lavorare e, allo stesso tempo, a veder crescer le mie due figlie. <br \/><strong><strong>Mi sono sempre sentita valorizzata come ingegnere e come donna in un ambito di lavoro prettamente maschile<\/strong><\/strong>.\n\t\t\t<\/p>\n\t\t\t\t\t\t\t<div class=\"e-q-footer\">\n\t\t\t\t\t\t\t\t\t\t\t<cite class=\"elementor-blockquote__author\">Raffaella<\/cite>\n\t\t\t\t\t\t\t\t\t\t\t\t\t\t<\/div>\n\t\t\t\t\t<\/blockquote>\n\t\t\t\t\t\t<\/div>\n\t\t\t\t<\/div>\n\t\t\t\t<div class=\"elementor-element elementor-element-c8a2867 elementor-hidden-desktop elementor-hidden-tablet elementor-widget-divider--view-line elementor-widget elementor-widget-divider\" data-id=\"c8a2867\" data-element_type=\"widget\" data-e-type=\"widget\" data-widget_type=\"divider.default\">\n\t\t\t\t<div class=\"elementor-widget-container\">\n\t\t\t\t\t\t\t<div class=\"elementor-divider\">\n\t\t\t<span class=\"elementor-divider-separator\">\n\t\t\t\t\t\t<\/span>\n\t\t<\/div>\n\t\t\t\t\t\t<\/div>\n\t\t\t\t<\/div>\n\t\t\t\t\t<\/div>\n\t\t<\/div>\n\t\t\t\t<div class=\"elementor-column elementor-col-33 elementor-top-column elementor-element elementor-element-dbf4f47\" data-id=\"dbf4f47\" data-element_type=\"column\" data-e-type=\"column\">\n\t\t\t<div class=\"elementor-widget-wrap elementor-element-populated\">\n\t\t\t\t\t\t<div class=\"elementor-element elementor-element-d692d8a elementor-widget elementor-widget-text-editor\" data-id=\"d692d8a\" data-element_type=\"widget\" data-e-type=\"widget\" data-widget_type=\"text-editor.default\">\n\t\t\t\t<div class=\"elementor-widget-container\">\n\t\t\t\t\t\t\t\t\t<p><strong>La mia storia in Demont inizia nel lontano &#8217;98<\/strong>: a novembre di quest&#8217;anno, sono 25 anni che lavoro qui. Sono entrata nel settore di processo e componenti meccanici e da qui ho iniziato il mio percorso.<\/p><p>Nel frattempo, mi sono sposata e ho avuto due figlie. <strong>Demont \u00e8 venuta incontro alle mie esigenze di madre e lavoratrice<\/strong> e non ho avuto difficolt\u00e0 ad ottenere permessi e il periodo di maternit\u00e0 facoltativo.\u00a0Quando \u00e8 nata la mia seconda figlia, <strong>Demont ha inaugurato l&#8217;asilo nido aziendale<\/strong>. Sono stata una delle prime a poter usufruire di questa opportunit\u00e0: con due figlie piccole, per me \u00e8 stato un aiuto davvero notevole.<\/p><p>Ricordo ancora <strong>la mia prima commessa importante<\/strong>: il Politecnico di Torino. La mia collega ed io ci siamo trovate a dover affrontare una sfida ardua: <strong>\u00e8 stata un&#8217;esperienza meravigliosa perch\u00e9 siamo partite dall&#8217;ingegneria fino a vedere costruito il nostro progetto<\/strong>.\u00a0 La prima volta che sono andata in cantiere, il capo del reparto ingegneria mi ha detto: &#8220;Avvicinati al filtro. Giusto per capire cosa vuol dire vederlo disegnato e poi realizzato&#8221;. Il manufatto mi sovrastava: <strong>\u00e8 stato davvero emozionante<\/strong>.<\/p><p><strong>Nel 2010 sono poi diventata Project Engineer<\/strong>. In seguito mi \u00e8 stato chiesto di diventare responsabile di sezione di processo e componenti meccanici: ho accettato.<\/p><p>Dopo qualche tempo, mi \u00e8 stata proposta la posizione <strong>a capo dell&#8217;ingegneria<\/strong> e mi \u00e8 stata data anche l&#8217;opportunit\u00e0 di fare il <strong>direttore tecnico<\/strong>. <strong>\u00c8 stato un percorso di crescita professionale bellissimo!<\/strong><\/p><p>Io sono molto contenta della mia esperienza. Demont sta costruendo un bell&#8217;ambiente lavorativo, organizza corsi di formazione e cerca di dare una spinta motivazionale ai ragazzi che vengono a lavorare qui o che alternano il percorso scolastico con il lavoro.<\/p><p><strong>Ad un giovane ingegnere consiglierei di fare esperienza in Demont perch\u00e9 nella nostra realt\u00e0 si ha la possibilit\u00e0 di vedere tutte le fasi di un progetto: dal disegno alla costruzione ed avviamento.<\/strong><\/p>\t\t\t\t\t\t\t\t<\/div>\n\t\t\t\t<\/div>\n\t\t\t\t\t<\/div>\n\t\t<\/div>\n\t\t\t\t\t<\/div>\n\t\t<\/section>\n\t\t\t\t<\/div>\n\t\t","protected":false},"excerpt":{"rendered":"<p>Storie di ingegneria invia il tuo CV La Storia di Raffaella vita in demont da impiegata a capo dell&#8217;ingegneria Raffaella, cosa significa per te lavorare in Demont? Lavorare in Demont per me \u00e8 stato, ed \u00e8 tuttora, un percorso bellissimo che mi ha consentito di crescere professionalmente conciliando la carriera con la genitorialit\u00e0. La flessibilit\u00e0 [&hellip;]<\/p>\n","protected":false},"author":3,"featured_media":0,"parent":16103,"menu_order":0,"comment_status":"closed","ping_status":"closed","template":"","meta":{"_acf_changed":false,"footnotes":""},"class_list":["post-17013","page","type-page","status-publish","hentry"],"acf":[],"_links":{"self":[{"href":"https:\/\/www.demont.it\/it\/wp-json\/wp\/v2\/pages\/17013","targetHints":{"allow":["GET"]}}],"collection":[{"href":"https:\/\/www.demont.it\/it\/wp-json\/wp\/v2\/pages"}],"about":[{"href":"https:\/\/www.demont.it\/it\/wp-json\/wp\/v2\/types\/page"}],"author":[{"embeddable":true,"href":"https:\/\/www.demont.it\/it\/wp-json\/wp\/v2\/users\/3"}],"replies":[{"embeddable":true,"href":"https:\/\/www.demont.it\/it\/wp-json\/wp\/v2\/comments?post=17013"}],"version-history":[{"count":0,"href":"https:\/\/www.demont.it\/it\/wp-json\/wp\/v2\/pages\/17013\/revisions"}],"up":[{"embeddable":true,"href":"https:\/\/www.demont.it\/it\/wp-json\/wp\/v2\/pages\/16103"}],"wp:attachment":[{"href":"https:\/\/www.demont.it\/it\/wp-json\/wp\/v2\/media?parent=17013"}],"curies":[{"name":"wp","href":"https:\/\/api.w.org\/{rel}","templated":true}]}}