{"id":17201,"date":"2023-07-14T12:47:32","date_gmt":"2023-07-14T11:47:32","guid":{"rendered":"https:\/\/www.demont.it\/?page_id=17201"},"modified":"2023-10-10T07:06:38","modified_gmt":"2023-10-10T06:06:38","slug":"storie-di-cantiere","status":"publish","type":"page","link":"https:\/\/www.demont.it\/it\/lavora-con-noi\/storie-di-cantiere\/","title":{"rendered":"Storie di cantiere 1"},"content":{"rendered":"\t\t<div data-elementor-type=\"wp-page\" data-elementor-id=\"17201\" class=\"elementor elementor-17201\" data-elementor-settings=\"{&quot;ha_cmc_init_switcher&quot;:&quot;no&quot;}\" data-elementor-post-type=\"page\">\n\t\t\t\t\t\t<section class=\"elementor-section elementor-top-section elementor-element elementor-element-2fb20a0f elementor-section-height-min-height elementor-section-items-stretch elementor-section-content-middle elementor-section-full_width elementor-section-height-default\" data-id=\"2fb20a0f\" data-element_type=\"section\" data-e-type=\"section\" data-settings=\"{&quot;background_background&quot;:&quot;classic&quot;,&quot;_ha_eqh_enable&quot;:false}\">\n\t\t\t\t\t\t\t<div class=\"elementor-background-overlay\"><\/div>\n\t\t\t\t\t\t\t<div class=\"elementor-container elementor-column-gap-default\">\n\t\t\t\t\t<div class=\"elementor-column elementor-col-100 elementor-top-column elementor-element elementor-element-9f7763d\" data-id=\"9f7763d\" data-element_type=\"column\" data-e-type=\"column\">\n\t\t\t<div class=\"elementor-widget-wrap elementor-element-populated\">\n\t\t\t\t\t\t<div class=\"elementor-element elementor-element-6291453d elementor-invisible elementor-widget elementor-widget-heading\" data-id=\"6291453d\" data-element_type=\"widget\" data-e-type=\"widget\" data-settings=\"{&quot;_animation&quot;:&quot;fadeIn&quot;}\" data-widget_type=\"heading.default\">\n\t\t\t\t<div class=\"elementor-widget-container\">\n\t\t\t\t\t<h1 class=\"elementor-heading-title elementor-size-default\">Storie di cantiere #1<\/h1>\t\t\t\t<\/div>\n\t\t\t\t<\/div>\n\t\t\t\t\t<\/div>\n\t\t<\/div>\n\t\t\t\t\t<\/div>\n\t\t<\/section>\n\t\t\t\t<section class=\"elementor-section elementor-top-section elementor-element elementor-element-4c0e0de elementor-section-full_width elementor-section-height-default elementor-section-height-default\" data-id=\"4c0e0de\" data-element_type=\"section\" data-e-type=\"section\" data-settings=\"{&quot;background_background&quot;:&quot;classic&quot;,&quot;_ha_eqh_enable&quot;:false}\">\n\t\t\t\t\t\t<div class=\"elementor-container elementor-column-gap-default\">\n\t\t\t\t\t<div class=\"elementor-column elementor-col-100 elementor-top-column elementor-element elementor-element-f5d853d\" data-id=\"f5d853d\" data-element_type=\"column\" data-e-type=\"column\">\n\t\t\t<div class=\"elementor-widget-wrap elementor-element-populated\">\n\t\t\t\t\t\t<div class=\"elementor-element elementor-element-beb1d7b elementor-position-block-start elementor-widget__width-auto elementor-fixed e-transform e-transform animated-slow elementor-view-default elementor-mobile-position-block-start elementor-invisible elementor-widget elementor-widget-global elementor-global-17403 elementor-widget-icon-box\" data-id=\"beb1d7b\" data-element_type=\"widget\" data-e-type=\"widget\" data-settings=\"{&quot;_position&quot;:&quot;fixed&quot;,&quot;_transform_rotateZ_effect&quot;:{&quot;unit&quot;:&quot;px&quot;,&quot;size&quot;:-90,&quot;sizes&quot;:[]},&quot;_transform_rotate_3d&quot;:&quot;yes&quot;,&quot;_transform_translateX_effect_hover&quot;:{&quot;unit&quot;:&quot;px&quot;,&quot;size&quot;:5,&quot;sizes&quot;:[]},&quot;_animation&quot;:&quot;fadeInRight&quot;,&quot;_transform_rotateZ_effect_tablet&quot;:{&quot;unit&quot;:&quot;deg&quot;,&quot;size&quot;:&quot;&quot;,&quot;sizes&quot;:[]},&quot;_transform_rotateZ_effect_mobile&quot;:{&quot;unit&quot;:&quot;deg&quot;,&quot;size&quot;:&quot;&quot;,&quot;sizes&quot;:[]},&quot;_transform_rotateX_effect&quot;:{&quot;unit&quot;:&quot;px&quot;,&quot;size&quot;:&quot;&quot;,&quot;sizes&quot;:[]},&quot;_transform_rotateX_effect_tablet&quot;:{&quot;unit&quot;:&quot;deg&quot;,&quot;size&quot;:&quot;&quot;,&quot;sizes&quot;:[]},&quot;_transform_rotateX_effect_mobile&quot;:{&quot;unit&quot;:&quot;deg&quot;,&quot;size&quot;:&quot;&quot;,&quot;sizes&quot;:[]},&quot;_transform_rotateY_effect&quot;:{&quot;unit&quot;:&quot;px&quot;,&quot;size&quot;:&quot;&quot;,&quot;sizes&quot;:[]},&quot;_transform_rotateY_effect_tablet&quot;:{&quot;unit&quot;:&quot;deg&quot;,&quot;size&quot;:&quot;&quot;,&quot;sizes&quot;:[]},&quot;_transform_rotateY_effect_mobile&quot;:{&quot;unit&quot;:&quot;deg&quot;,&quot;size&quot;:&quot;&quot;,&quot;sizes&quot;:[]},&quot;_transform_perspective_effect&quot;:{&quot;unit&quot;:&quot;px&quot;,&quot;size&quot;:&quot;&quot;,&quot;sizes&quot;:[]},&quot;_transform_perspective_effect_tablet&quot;:{&quot;unit&quot;:&quot;px&quot;,&quot;size&quot;:&quot;&quot;,&quot;sizes&quot;:[]},&quot;_transform_perspective_effect_mobile&quot;:{&quot;unit&quot;:&quot;px&quot;,&quot;size&quot;:&quot;&quot;,&quot;sizes&quot;:[]},&quot;_transform_translateX_effect_hover_tablet&quot;:{&quot;unit&quot;:&quot;px&quot;,&quot;size&quot;:&quot;&quot;,&quot;sizes&quot;:[]},&quot;_transform_translateX_effect_hover_mobile&quot;:{&quot;unit&quot;:&quot;px&quot;,&quot;size&quot;:&quot;&quot;,&quot;sizes&quot;:[]},&quot;_transform_translateY_effect_hover&quot;:{&quot;unit&quot;:&quot;px&quot;,&quot;size&quot;:&quot;&quot;,&quot;sizes&quot;:[]},&quot;_transform_translateY_effect_hover_tablet&quot;:{&quot;unit&quot;:&quot;px&quot;,&quot;size&quot;:&quot;&quot;,&quot;sizes&quot;:[]},&quot;_transform_translateY_effect_hover_mobile&quot;:{&quot;unit&quot;:&quot;px&quot;,&quot;size&quot;:&quot;&quot;,&quot;sizes&quot;:[]}}\" data-widget_type=\"icon-box.default\">\n\t\t\t\t<div class=\"elementor-widget-container\">\n\t\t\t\t\t\t\t<div class=\"elementor-icon-box-wrapper\">\n\n\t\t\t\t\t\t<div class=\"elementor-icon-box-icon\">\n\t\t\t\t<a href=\"https:\/\/www.demont.it\/it\/lavora-con-noi\/open-job-candidatura-spontanea\/\" class=\"elementor-icon elementor-animation-shrink\" tabindex=\"-1\" aria-label=\"invia&lt;br&gt;il tuo&lt;br&gt;CV\">\n\t\t\t\t<i aria-hidden=\"true\" class=\"fab fa-telegram-plane\"><\/i>\t\t\t\t<\/a>\n\t\t\t<\/div>\n\t\t\t\n\t\t\t\t\t\t<div class=\"elementor-icon-box-content\">\n\n\t\t\t\t\t\t\t\t\t<p class=\"elementor-icon-box-title\">\n\t\t\t\t\t\t<a href=\"https:\/\/www.demont.it\/it\/lavora-con-noi\/open-job-candidatura-spontanea\/\" >\n\t\t\t\t\t\t\tinvia<br>il tuo<br>CV\t\t\t\t\t\t<\/a>\n\t\t\t\t\t<\/p>\n\t\t\t\t\n\t\t\t\t\n\t\t\t<\/div>\n\t\t\t\n\t\t<\/div>\n\t\t\t\t\t\t<\/div>\n\t\t\t\t<\/div>\n\t\t\t\t<div class=\"elementor-element elementor-element-ccc8d10 elementor-widget elementor-widget-heading\" data-id=\"ccc8d10\" data-element_type=\"widget\" data-e-type=\"widget\" data-widget_type=\"heading.default\">\n\t\t\t\t<div class=\"elementor-widget-container\">\n\t\t\t\t\t<h3 class=\"elementor-heading-title elementor-size-default\">La Storia di Salvatore<\/h3>\t\t\t\t<\/div>\n\t\t\t\t<\/div>\n\t\t\t\t<div class=\"elementor-element elementor-element-6f89d4c elementor-widget elementor-widget-heading\" data-id=\"6f89d4c\" data-element_type=\"widget\" data-e-type=\"widget\" data-widget_type=\"heading.default\">\n\t\t\t\t<div class=\"elementor-widget-container\">\n\t\t\t\t\t<p class=\"elementor-heading-title elementor-size-default\">vita in demont<\/p>\t\t\t\t<\/div>\n\t\t\t\t<\/div>\n\t\t\t\t<div class=\"elementor-element elementor-element-9ef8c73 elementor-widget elementor-widget-heading\" data-id=\"9ef8c73\" data-element_type=\"widget\" data-e-type=\"widget\" data-widget_type=\"heading.default\">\n\t\t\t\t<div class=\"elementor-widget-container\">\n\t\t\t\t\t<p class=\"elementor-heading-title elementor-size-default\">da operaio generico a gruista specializzato<\/p>\t\t\t\t<\/div>\n\t\t\t\t<\/div>\n\t\t\t\t\t<\/div>\n\t\t<\/div>\n\t\t\t\t\t<\/div>\n\t\t<\/section>\n\t\t\t\t<section class=\"elementor-section elementor-top-section elementor-element elementor-element-93fedcd elementor-section-boxed elementor-section-height-default elementor-section-height-default\" data-id=\"93fedcd\" data-element_type=\"section\" data-e-type=\"section\" data-settings=\"{&quot;_ha_eqh_enable&quot;:false}\">\n\t\t\t\t\t\t<div class=\"elementor-container elementor-column-gap-default\">\n\t\t\t\t\t<div class=\"elementor-column elementor-col-33 elementor-top-column elementor-element elementor-element-5b86e34\" data-id=\"5b86e34\" data-element_type=\"column\" data-e-type=\"column\">\n\t\t\t<div class=\"elementor-widget-wrap elementor-element-populated\">\n\t\t\t\t\t\t<div class=\"elementor-element elementor-element-f2fdf29 elementor-widget__width-initial elementor-widget elementor-widget-image\" data-id=\"f2fdf29\" data-element_type=\"widget\" data-e-type=\"widget\" data-widget_type=\"image.default\">\n\t\t\t\t<div class=\"elementor-widget-container\">\n\t\t\t\t\t\t\t\t\t\t\t\t\t\t\t<img fetchpriority=\"high\" decoding=\"async\" width=\"734\" height=\"850\" src=\"https:\/\/www.demont.it\/wp-content\/uploads\/2023\/07\/campanella-cantieri.jpg\" class=\"attachment-large size-large wp-image-17203\" alt=\"\" srcset=\"https:\/\/www.demont.it\/wp-content\/uploads\/2023\/07\/campanella-cantieri.jpg 734w, https:\/\/www.demont.it\/wp-content\/uploads\/2023\/07\/campanella-cantieri-259x300.jpg 259w\" sizes=\"(max-width: 734px) 100vw, 734px\" \/>\t\t\t\t\t\t\t\t\t\t\t\t\t\t\t<\/div>\n\t\t\t\t<\/div>\n\t\t\t\t\t<\/div>\n\t\t<\/div>\n\t\t\t\t<div class=\"elementor-column elementor-col-33 elementor-top-column elementor-element elementor-element-623b891\" data-id=\"623b891\" data-element_type=\"column\" data-e-type=\"column\">\n\t\t\t<div class=\"elementor-widget-wrap elementor-element-populated\">\n\t\t\t\t\t\t<div class=\"elementor-element elementor-element-6910e9e elementor-widget elementor-widget-heading\" data-id=\"6910e9e\" data-element_type=\"widget\" data-e-type=\"widget\" data-widget_type=\"heading.default\">\n\t\t\t\t<div class=\"elementor-widget-container\">\n\t\t\t\t\t<p class=\"elementor-heading-title elementor-size-default\">Salvatore, cosa significa per te lavorare in Demont?<\/p>\t\t\t\t<\/div>\n\t\t\t\t<\/div>\n\t\t\t\t<div class=\"elementor-element elementor-element-b401e30 elementor-view-default elementor-widget elementor-widget-icon\" data-id=\"b401e30\" data-element_type=\"widget\" data-e-type=\"widget\" data-widget_type=\"icon.default\">\n\t\t\t\t<div class=\"elementor-widget-container\">\n\t\t\t\t\t\t\t<div class=\"elementor-icon-wrapper\">\n\t\t\t<div class=\"elementor-icon\">\n\t\t\t<i aria-hidden=\"true\" class=\"fas fa-quote-left\"><\/i>\t\t\t<\/div>\n\t\t<\/div>\n\t\t\t\t\t\t<\/div>\n\t\t\t\t<\/div>\n\t\t\t\t<div class=\"elementor-element elementor-element-145cbe3 elementor-blockquote--skin-clean elementor-widget__width-initial elementor-widget elementor-widget-blockquote\" data-id=\"145cbe3\" data-element_type=\"widget\" data-e-type=\"widget\" data-widget_type=\"blockquote.default\">\n\t\t\t\t<div class=\"elementor-widget-container\">\n\t\t\t\t\t\t\t<blockquote class=\"elementor-blockquote\">\n\t\t\t<p class=\"elementor-blockquote__content\">\n\t\t\t\tLavorare in Demont per me \u00e8 importante perch\u00e9 mi piace e mi trovo bene. Per questo sono rientrato: <strong><strong>ormai vado in pensione con Demont. Non cerco altre avventure perch\u00e9 le ho gi\u00e0 fatte qui.<\/strong><\/strong> <BR \/>\nE poi devo dire che aver ricevuto un'offerta di contratto a tempo indeterminato a 56 anni per me \u00e8 stato sorprendente: nel mondo del lavoro di oggi \u00e8 una cosa pi\u00f9 unica che rara. <strong><strong>Assunto a tempo indeterminato alla mia et\u00e0: pi\u00f9 di cos\u00ec cosa posso chiedere?<\/strong><\/strong>\n\t\t\t<\/p>\n\t\t\t\t\t\t\t<div class=\"e-q-footer\">\n\t\t\t\t\t\t\t\t\t\t\t<cite class=\"elementor-blockquote__author\">Salvatore<\/cite>\n\t\t\t\t\t\t\t\t\t\t\t\t\t\t<\/div>\n\t\t\t\t\t<\/blockquote>\n\t\t\t\t\t\t<\/div>\n\t\t\t\t<\/div>\n\t\t\t\t<div class=\"elementor-element elementor-element-c8a2867 elementor-hidden-desktop elementor-hidden-tablet elementor-widget-divider--view-line elementor-widget elementor-widget-divider\" data-id=\"c8a2867\" data-element_type=\"widget\" data-e-type=\"widget\" data-widget_type=\"divider.default\">\n\t\t\t\t<div class=\"elementor-widget-container\">\n\t\t\t\t\t\t\t<div class=\"elementor-divider\">\n\t\t\t<span class=\"elementor-divider-separator\">\n\t\t\t\t\t\t<\/span>\n\t\t<\/div>\n\t\t\t\t\t\t<\/div>\n\t\t\t\t<\/div>\n\t\t\t\t\t<\/div>\n\t\t<\/div>\n\t\t\t\t<div class=\"elementor-column elementor-col-33 elementor-top-column elementor-element elementor-element-dbf4f47\" data-id=\"dbf4f47\" data-element_type=\"column\" data-e-type=\"column\">\n\t\t\t<div class=\"elementor-widget-wrap elementor-element-populated\">\n\t\t\t\t\t\t<div class=\"elementor-element elementor-element-d692d8a elementor-widget elementor-widget-text-editor\" data-id=\"d692d8a\" data-element_type=\"widget\" data-e-type=\"widget\" data-widget_type=\"text-editor.default\">\n\t\t\t\t<div class=\"elementor-widget-container\">\n\t\t\t\t\t\t\t\t\t<p>Mi chiamo Salvatore, classe 1965. La mia <strong>prima esperienza in Demont<\/strong> l&#8217;ho fatta nel <strong>1995<\/strong>. Sono entrato <strong>come operaio generico<\/strong>, ma negli anni mi sono specializzato nelle attivit\u00e0 di carpenteria industriale.<\/p><p>Demont mi ha dato la possibilit\u00e0 di diversificare le mie competenze: mi hanno fatto fare tanti corsi di formazione e ho preso il <strong>patentino da gruista<\/strong>.<\/p><p>Oggi manovro sollevatori e piattaforme di lavoro, gru e autogr\u00f9. <strong>Ho sempre dimostrato la buona volont\u00e0 di imparare<\/strong> e per questo Demont ha investito per specializzarmi nella conduzione di queste attrezzature.<\/p><p>Non sono sempre stato in Demont: ho lavorato anche per altre aziende. Quando Michela Santo <em>(recruiter in Demont da pi\u00f9 di 15 anni &#8211; ndr)<\/em> nel 2017 mi ha chiamato per dirmi se ero disposto a tornare per andare <strong>lavorare in America<\/strong>, sono rimasto senza parole. Mi sono consultato con mia moglie e poi ho deciso di accettare.<\/p><p><strong>Sono stato in Ohio<\/strong>: \u00e8 stata una grande opportunit\u00e0 per me ed un&#8217;esperienza nuova e bellissima, anche se faticosa. E non \u00e8 l&#8217;unico cantiere internazionale a cui ho partecipato: per 4 anni, ho lavorato all&#8217;Iter in <strong>Francia<\/strong>.<\/p><p>Durante queste esperienze all&#8217;estero, \u00e8 stato fondamentale il <strong>supporto dei colleghi<\/strong>: i compagni di squadra sono importanti, soprattutto quando sei lontano da casa.<\/p><p>Io, dal canto mio, sono affidabile e sempre disponibile: mi adopero per gli altri, scendo dalla gru e cerco di dare una mano dove c&#8217;\u00e8 bisogno. E i<strong>n Demont, lo spirito di squadra viene premiato<\/strong>. Infatti, mi hanno sempre voluto sui cantieri e sono rimasto stupito quando<strong> ho ricevuto un&#8217;offerta di contratto a tempo indeterminato alla mia et\u00e0<\/strong>. Nel mondo del lavoro di oggi questa \u00e8 una cosa davvero insolita. Ho pensato: vuol dire che qualcosa ho dato all&#8217;azienda, hanno apprezzato la mia volont\u00e0 ed il mio buon carattere.<\/p><p>E posso dire che, i<strong>n Demont, se uno ha volont\u00e0 e voglia di imparare, spazio per migliorarsi ce n&#8217;\u00e8 per tutti<\/strong>.<br \/>Credo che in Demont ci sia un ambiente dove si pu\u00f2 crescere se uno ha la testa e la voglia e ci mette l&#8217;impegno. <strong>Come sono maturato io nel fare il gruista<\/strong>: ci ho messo la volont\u00e0 e sono riuscito a fare il lavoro che mi piace.<\/p><p>Consiglierei Demont ad un giovane che vuole lavorare come ottimo investimento per il futuro perch\u00e9 <strong>Demont ti insegna mestieri veri e propri<\/strong>.<\/p>\t\t\t\t\t\t\t\t<\/div>\n\t\t\t\t<\/div>\n\t\t\t\t\t<\/div>\n\t\t<\/div>\n\t\t\t\t\t<\/div>\n\t\t<\/section>\n\t\t\t\t<\/div>\n\t\t","protected":false},"excerpt":{"rendered":"<p>Storie di cantiere #1 inviail tuoCV La Storia di Salvatore vita in demont da operaio generico a gruista specializzato Salvatore, cosa significa per te lavorare in Demont? Lavorare in Demont per me \u00e8 importante perch\u00e9 mi piace e mi trovo bene. Per questo sono rientrato: ormai vado in pensione con Demont. Non cerco altre avventure [&hellip;]<\/p>\n","protected":false},"author":3,"featured_media":0,"parent":16103,"menu_order":0,"comment_status":"closed","ping_status":"closed","template":"","meta":{"_acf_changed":false,"footnotes":""},"class_list":["post-17201","page","type-page","status-publish","hentry"],"acf":[],"_links":{"self":[{"href":"https:\/\/www.demont.it\/it\/wp-json\/wp\/v2\/pages\/17201","targetHints":{"allow":["GET"]}}],"collection":[{"href":"https:\/\/www.demont.it\/it\/wp-json\/wp\/v2\/pages"}],"about":[{"href":"https:\/\/www.demont.it\/it\/wp-json\/wp\/v2\/types\/page"}],"author":[{"embeddable":true,"href":"https:\/\/www.demont.it\/it\/wp-json\/wp\/v2\/users\/3"}],"replies":[{"embeddable":true,"href":"https:\/\/www.demont.it\/it\/wp-json\/wp\/v2\/comments?post=17201"}],"version-history":[{"count":0,"href":"https:\/\/www.demont.it\/it\/wp-json\/wp\/v2\/pages\/17201\/revisions"}],"up":[{"embeddable":true,"href":"https:\/\/www.demont.it\/it\/wp-json\/wp\/v2\/pages\/16103"}],"wp:attachment":[{"href":"https:\/\/www.demont.it\/it\/wp-json\/wp\/v2\/media?parent=17201"}],"curies":[{"name":"wp","href":"https:\/\/api.w.org\/{rel}","templated":true}]}}