{"id":19059,"date":"2024-01-18T16:09:44","date_gmt":"2024-01-18T15:09:44","guid":{"rendered":"https:\/\/www.demont.it\/?page_id=19059"},"modified":"2024-01-18T16:52:07","modified_gmt":"2024-01-18T15:52:07","slug":"squadra-officina","status":"publish","type":"page","link":"https:\/\/www.demont.it\/it\/squadre\/squadra-officina\/","title":{"rendered":"Squadra officina"},"content":{"rendered":"\t\t<div data-elementor-type=\"wp-page\" data-elementor-id=\"19059\" class=\"elementor elementor-19059\" data-elementor-settings=\"{&quot;ha_cmc_init_switcher&quot;:&quot;no&quot;}\" data-elementor-post-type=\"page\">\n\t\t\t\t\t\t<section class=\"elementor-section elementor-top-section elementor-element elementor-element-1cbb2868 elementor-section-content-middle elementor-section-height-min-height elementor-section-items-stretch elementor-section-full_width elementor-section-height-default\" data-id=\"1cbb2868\" data-element_type=\"section\" data-e-type=\"section\" data-settings=\"{&quot;background_background&quot;:&quot;classic&quot;,&quot;_ha_eqh_enable&quot;:false}\">\n\t\t\t\t\t\t<div class=\"elementor-container elementor-column-gap-no\">\n\t\t\t\t\t<div class=\"elementor-column elementor-col-50 elementor-top-column elementor-element elementor-element-3ca48e00\" data-id=\"3ca48e00\" data-element_type=\"column\" data-e-type=\"column\" data-settings=\"{&quot;background_background&quot;:&quot;classic&quot;}\">\n\t\t\t<div class=\"elementor-widget-wrap elementor-element-populated\">\n\t\t\t\t\t\t<div class=\"elementor-element elementor-element-2d80eeda elementor-widget elementor-widget-spacer\" data-id=\"2d80eeda\" data-element_type=\"widget\" data-e-type=\"widget\" data-widget_type=\"spacer.default\">\n\t\t\t\t<div class=\"elementor-widget-container\">\n\t\t\t\t\t\t\t<div class=\"elementor-spacer\">\n\t\t\t<div class=\"elementor-spacer-inner\"><\/div>\n\t\t<\/div>\n\t\t\t\t\t\t<\/div>\n\t\t\t\t<\/div>\n\t\t\t\t\t<\/div>\n\t\t<\/div>\n\t\t\t\t<div class=\"elementor-column elementor-col-50 elementor-top-column elementor-element elementor-element-6f2b6229\" data-id=\"6f2b6229\" data-element_type=\"column\" data-e-type=\"column\" data-settings=\"{&quot;background_background&quot;:&quot;classic&quot;}\">\n\t\t\t<div class=\"elementor-widget-wrap elementor-element-populated\">\n\t\t\t\t\t\t<div class=\"elementor-element elementor-element-54334ab0 elementor-widget elementor-widget-heading\" data-id=\"54334ab0\" data-element_type=\"widget\" data-e-type=\"widget\" data-widget_type=\"heading.default\">\n\t\t\t\t<div class=\"elementor-widget-container\">\n\t\t\t\t\t<p class=\"elementor-heading-title elementor-size-default\">scopriamo le persone<\/p>\t\t\t\t<\/div>\n\t\t\t\t<\/div>\n\t\t\t\t<div class=\"elementor-element elementor-element-4dc9449 elementor-widget elementor-widget-heading\" data-id=\"4dc9449\" data-element_type=\"widget\" data-e-type=\"widget\" data-widget_type=\"heading.default\">\n\t\t\t\t<div class=\"elementor-widget-container\">\n\t\t\t\t\t<h1 class=\"elementor-heading-title elementor-size-default\">La Squadra dell'Officina<\/h1>\t\t\t\t<\/div>\n\t\t\t\t<\/div>\n\t\t\t\t<div class=\"elementor-element elementor-element-3f6d2c3 elementor-widget elementor-widget-heading\" data-id=\"3f6d2c3\" data-element_type=\"widget\" data-e-type=\"widget\" data-widget_type=\"heading.default\">\n\t\t\t\t<div class=\"elementor-widget-container\">\n\t\t\t\t\t<p class=\"elementor-heading-title elementor-size-default\">Intervista a <strong><strong>ENRICO CASTELLANELLI<\/strong><\/strong><br \/> \nResponsabile di Produzione del sito di Millesimo<\/strong><\/strong><\/p>\t\t\t\t<\/div>\n\t\t\t\t<\/div>\n\t\t\t\t\t<\/div>\n\t\t<\/div>\n\t\t\t\t\t<\/div>\n\t\t<\/section>\n\t\t\t\t<section class=\"elementor-section elementor-top-section elementor-element elementor-element-69ac4ba1 elementor-section-content-middle elementor-section-full_width elementor-section-height-default elementor-section-height-default\" data-id=\"69ac4ba1\" data-element_type=\"section\" data-e-type=\"section\" data-settings=\"{&quot;background_background&quot;:&quot;classic&quot;,&quot;_ha_eqh_enable&quot;:false}\">\n\t\t\t\t\t\t<div class=\"elementor-container elementor-column-gap-no\">\n\t\t\t\t\t<div class=\"elementor-column elementor-col-50 elementor-top-column elementor-element elementor-element-25131356\" data-id=\"25131356\" data-element_type=\"column\" data-e-type=\"column\">\n\t\t\t<div class=\"elementor-widget-wrap elementor-element-populated\">\n\t\t\t\t\t\t<div class=\"elementor-element elementor-element-ca69cf6 elementor-widget elementor-widget-heading\" data-id=\"ca69cf6\" data-element_type=\"widget\" data-e-type=\"widget\" data-widget_type=\"heading.default\">\n\t\t\t\t<div class=\"elementor-widget-container\">\n\t\t\t\t\t<p class=\"elementor-heading-title elementor-size-default\">Enrico, da quanto tempo lavori in Demont?<\/p>\t\t\t\t<\/div>\n\t\t\t\t<\/div>\n\t\t\t\t<div class=\"elementor-element elementor-element-711be448 elementor-widget elementor-widget-text-editor\" data-id=\"711be448\" data-element_type=\"widget\" data-e-type=\"widget\" data-widget_type=\"text-editor.default\">\n\t\t\t\t<div class=\"elementor-widget-container\">\n\t\t\t\t\t\t\t\t\t<p>La mia esperienza in Demont ha avuto inizio nel <strong>1988<\/strong>, quando sono stato assegnato all&#8217;officina di Millesimo. Dopo aver accumulato preziose esperienze anche nei <strong>cantieri<\/strong>, ho progredito professionalmente ricoprendo prima il ruolo di vicario del preposto e successivamente assumendo la <strong>responsabilit\u00e0 del sito di Millesimo<\/strong>.<\/p>\t\t\t\t\t\t\t\t<\/div>\n\t\t\t\t<\/div>\n\t\t\t\t<div class=\"elementor-element elementor-element-66a7238 elementor-widget elementor-widget-heading\" data-id=\"66a7238\" data-element_type=\"widget\" data-e-type=\"widget\" data-widget_type=\"heading.default\">\n\t\t\t\t<div class=\"elementor-widget-container\">\n\t\t\t\t\t<p class=\"elementor-heading-title elementor-size-default\">Di cosa si occupa il tuo team?<\/p>\t\t\t\t<\/div>\n\t\t\t\t<\/div>\n\t\t\t\t<div class=\"elementor-element elementor-element-21940b5 elementor-widget elementor-widget-text-editor\" data-id=\"21940b5\" data-element_type=\"widget\" data-e-type=\"widget\" data-widget_type=\"text-editor.default\">\n\t\t\t\t<div class=\"elementor-widget-container\">\n\t\t\t\t\t\t\t\t\t<p>Il mio team gestisce una gamma diversificata di produzioni, spaziando dalle lavorazioni in <strong>tubisteria<\/strong>, <strong>carpenteria<\/strong> e <strong>caldareria<\/strong>. Il nostro processo inizia con la fase di <strong>prefabbricazione<\/strong>, dove le componenti prendono forma. Successivamente, procediamo alla <strong>saldatura<\/strong>, dove ogni dettaglio viene attentamente assemblato e unito per creare strutture robuste e ben integrate. Infine, concludiamo il nostro ciclo produttivo con la fase di <strong>collaudo<\/strong>, un passaggio cruciale che garantisce la conformit\u00e0 agli standard di qualit\u00e0 e sicurezza. Questo approccio completo e metodico ci consente di offrire <strong>prodotti di alta qualit\u00e0<\/strong> e di assicurarci che ogni fase del processo di produzione sia eseguita con precisione e attenzione ai dettagli.<\/p>\t\t\t\t\t\t\t\t<\/div>\n\t\t\t\t<\/div>\n\t\t\t\t<div class=\"elementor-element elementor-element-e290b3e elementor-widget elementor-widget-heading\" data-id=\"e290b3e\" data-element_type=\"widget\" data-e-type=\"widget\" data-widget_type=\"heading.default\">\n\t\t\t\t<div class=\"elementor-widget-container\">\n\t\t\t\t\t<p class=\"elementor-heading-title elementor-size-default\">Secondo la tua esperienza, qual \u00e8 il segreto per rendere un team affiatato?<\/p>\t\t\t\t<\/div>\n\t\t\t\t<\/div>\n\t\t\t\t<div class=\"elementor-element elementor-element-97d7cca elementor-widget elementor-widget-text-editor\" data-id=\"97d7cca\" data-element_type=\"widget\" data-e-type=\"widget\" data-widget_type=\"text-editor.default\">\n\t\t\t\t<div class=\"elementor-widget-container\">\n\t\t\t\t\t\t\t\t\t<p>Per rendere un team affiatato \u00e8 importante <strong>coinvolgere ogni singola risorsa<\/strong> nei vari progetti, informandola preventivamente sul risultato finale che vogliamo ottenere. Inoltre, la <strong>fiducia<\/strong> e il <strong>rispetto<\/strong> reciproco sono fondamentali. Ogni membro del team deve apprezzare le competenze e le abilit\u00e0 degli altri, contribuendo a un <strong>ambiente di lavoro positivo<\/strong>. Trattandosi di officina, inoltre la <strong>sicurezza<\/strong> sul posto di lavoro \u00e8 di primaria importanza. Un ambiente sicuro e salubre contribuisce a una maggiore soddisfazione e coesione tra i membri del team.<\/p>\t\t\t\t\t\t\t\t<\/div>\n\t\t\t\t<\/div>\n\t\t\t\t<div class=\"elementor-element elementor-element-917dba0 elementor-widget elementor-widget-heading\" data-id=\"917dba0\" data-element_type=\"widget\" data-e-type=\"widget\" data-widget_type=\"heading.default\">\n\t\t\t\t<div class=\"elementor-widget-container\">\n\t\t\t\t\t<p class=\"elementor-heading-title elementor-size-default\">Secondo te, quali valori incarna l\u2019azienda?<\/p>\t\t\t\t<\/div>\n\t\t\t\t<\/div>\n\t\t\t\t<div class=\"elementor-element elementor-element-b041229 elementor-widget elementor-widget-text-editor\" data-id=\"b041229\" data-element_type=\"widget\" data-e-type=\"widget\" data-widget_type=\"text-editor.default\">\n\t\t\t\t<div class=\"elementor-widget-container\">\n\t\t\t\t\t\t\t\t\t<p>Un valore fondamentale che desidero sottolineare nell&#8217;identit\u00e0 della nostra azienda \u00e8 il costante <strong>impegno verso la crescita<\/strong>. Negli ultimi anni, abbiamo attribuito particolare rilevanza all&#8217;<strong>investimento nei giovani<\/strong>, riconoscendo il loro potenziale come pilastro essenziale per costruire un <strong>futuro<\/strong> sempre pi\u00f9 solido. Questo approccio non solo crea le basi per una crescita concreta, ma contribuisce anche a plasmare una societ\u00e0 in costante evoluzione. <strong>La nostra convinzione \u00e8 che investire nei giovani sia una strategia vincente per affrontare le sfide del domani<\/strong> e prosperare in un ambiente aziendale sempre pi\u00f9 dinamico. In aggiunta, l&#8217;azienda si impegna con attenzione e scrupolosit\u00e0 su tutti i fronti legati ai valori di <strong>inclusione<\/strong>. La nostra dedizione a principi inclusivi riflette l&#8217;impegno per creare un ambiente di lavoro che accoglie e rispetta la <strong>diversit\u00e0<\/strong>, promuovendo un clima di collaborazione e rispetto reciproco.<\/p>\t\t\t\t\t\t\t\t<\/div>\n\t\t\t\t<\/div>\n\t\t\t\t<div class=\"elementor-element elementor-element-70a4ec5 elementor-widget elementor-widget-heading\" data-id=\"70a4ec5\" data-element_type=\"widget\" data-e-type=\"widget\" data-widget_type=\"heading.default\">\n\t\t\t\t<div class=\"elementor-widget-container\">\n\t\t\t\t\t<p class=\"elementor-heading-title elementor-size-default\">Secondo te, quali vantaggi per il Cliente derivano dal lavoro di squadra?<\/p>\t\t\t\t<\/div>\n\t\t\t\t<\/div>\n\t\t\t\t<div class=\"elementor-element elementor-element-8ab551c elementor-widget elementor-widget-text-editor\" data-id=\"8ab551c\" data-element_type=\"widget\" data-e-type=\"widget\" data-widget_type=\"text-editor.default\">\n\t\t\t\t<div class=\"elementor-widget-container\">\n\t\t\t\t\t\t\t\t\t<p>Il lavoro di squadra contribuisce a creare un <strong>ambiente di lavoro pi\u00f9 efficiente e collaborativo<\/strong>, il che si traduce in vantaggi significativi per i clienti in termini di qualit\u00e0 del servizio, tempi di attesa e soddisfazione complessiva.<\/p>\t\t\t\t\t\t\t\t<\/div>\n\t\t\t\t<\/div>\n\t\t\t\t<div class=\"elementor-element elementor-element-7d9c2c8 elementor-widget elementor-widget-heading\" data-id=\"7d9c2c8\" data-element_type=\"widget\" data-e-type=\"widget\" data-widget_type=\"heading.default\">\n\t\t\t\t<div class=\"elementor-widget-container\">\n\t\t\t\t\t<p class=\"elementor-heading-title elementor-size-default\">Enrico, cosa contraddistingue il tuo team?<\/p>\t\t\t\t<\/div>\n\t\t\t\t<\/div>\n\t\t\t\t<div class=\"elementor-element elementor-element-780b0c4 elementor-widget elementor-widget-text-editor\" data-id=\"780b0c4\" data-element_type=\"widget\" data-e-type=\"widget\" data-widget_type=\"text-editor.default\">\n\t\t\t\t<div class=\"elementor-widget-container\">\n\t\t\t\t\t\t\t\t\t<p>Il nostro team si distingue per la sua <strong>diversit\u00e0<\/strong>, abbracciando una vasta gamma di <strong>et\u00e0<\/strong> e comprendendo <strong>mansioni di vario livello e tipologia<\/strong>. Nel cuore della nostra missione c&#8217;\u00e8 il desiderio di favorire la <strong>crescita e il miglioramento continuo dei giovani<\/strong>. Un esempio concreto di questo impegno si riflette nel nostro <strong>programma di alternanza scuola-lavoro<\/strong>, attraverso il quale abbiamo integrato con successo due talentuosi saldatori e un esperto tubista nel nostro team di produzione. Con questa iniziativa, non solo offriamo opportunit\u00e0 formative pratiche, ma coltiviamo anche il <strong>potenziale emergente<\/strong>, contribuendo alla formazione di professionisti altamente qualificati nel nostro settore. Siamo orgogliosi di avere un team cos\u00ec diversificato e di investire nel successo e nella crescita di talenti giovani e promettenti.<\/p>\t\t\t\t\t\t\t\t<\/div>\n\t\t\t\t<\/div>\n\t\t\t\t<div class=\"elementor-element elementor-element-22bc3e3 elementor-widget elementor-widget-heading\" data-id=\"22bc3e3\" data-element_type=\"widget\" data-e-type=\"widget\" data-widget_type=\"heading.default\">\n\t\t\t\t<div class=\"elementor-widget-container\">\n\t\t\t\t\t<p class=\"elementor-heading-title elementor-size-default\">Ci descriveresti il tuo team con un #hashtag?<\/p>\t\t\t\t<\/div>\n\t\t\t\t<\/div>\n\t\t\t\t<div class=\"elementor-element elementor-element-c8428da elementor-widget elementor-widget-text-editor\" data-id=\"c8428da\" data-element_type=\"widget\" data-e-type=\"widget\" data-widget_type=\"text-editor.default\">\n\t\t\t\t<div class=\"elementor-widget-container\">\n\t\t\t\t\t\t\t\t\t<p>Credo che l&#8217;hashtag migliore sia <strong>#unitisivince<\/strong>!<\/p>\t\t\t\t\t\t\t\t<\/div>\n\t\t\t\t<\/div>\n\t\t\t\t<div class=\"elementor-element elementor-element-7bd0ce7 elementor-align-left elementor-mobile-align-center elementor-invisible elementor-widget elementor-widget-button\" data-id=\"7bd0ce7\" data-element_type=\"widget\" data-e-type=\"widget\" data-settings=\"{&quot;_animation&quot;:&quot;fadeIn&quot;,&quot;_animation_delay&quot;:400}\" data-widget_type=\"button.default\">\n\t\t\t\t<div class=\"elementor-widget-container\">\n\t\t\t\t\t\t\t\t\t<div class=\"elementor-button-wrapper\">\n\t\t\t\t\t<a class=\"elementor-button elementor-button-link elementor-size-xs elementor-animation-shrink\" href=\"https:\/\/www.demont.it\/it\/valori\/\">\n\t\t\t\t\t\t<span class=\"elementor-button-content-wrapper\">\n\t\t\t\t\t\t<span class=\"elementor-button-icon\">\n\t\t\t\t<i aria-hidden=\"true\" class=\"fas fa-chevron-left\"><\/i>\t\t\t<\/span>\n\t\t\t\t\t\t\t\t\t<span class=\"elementor-button-text\">Torna ai nostri Valori<\/span>\n\t\t\t\t\t<\/span>\n\t\t\t\t\t<\/a>\n\t\t\t\t<\/div>\n\t\t\t\t\t\t\t\t<\/div>\n\t\t\t\t<\/div>\n\t\t\t\t\t<\/div>\n\t\t<\/div>\n\t\t\t\t<div class=\"elementor-column elementor-col-50 elementor-top-column elementor-element elementor-element-3902571 elementor-hidden-tablet\" data-id=\"3902571\" data-element_type=\"column\" data-e-type=\"column\">\n\t\t\t<div class=\"elementor-widget-wrap elementor-element-populated\">\n\t\t\t\t\t\t<div class=\"elementor-element elementor-element-c1a192b elementor-invisible elementor-widget elementor-widget-image\" data-id=\"c1a192b\" data-element_type=\"widget\" data-e-type=\"widget\" data-settings=\"{&quot;_animation&quot;:&quot;fadeInDown&quot;,&quot;_animation_mobile&quot;:&quot;none&quot;}\" data-widget_type=\"image.default\">\n\t\t\t\t<div class=\"elementor-widget-container\">\n\t\t\t\t\t\t\t\t\t\t\t\t\t\t\t<img fetchpriority=\"high\" decoding=\"async\" width=\"1024\" height=\"768\" src=\"https:\/\/www.demont.it\/wp-content\/uploads\/2024\/01\/Squadra-officina-2.jpg\" class=\"attachment-full size-full wp-image-19066\" alt=\"\" srcset=\"https:\/\/www.demont.it\/wp-content\/uploads\/2024\/01\/Squadra-officina-2.jpg 1024w, https:\/\/www.demont.it\/wp-content\/uploads\/2024\/01\/Squadra-officina-2-300x225.jpg 300w, https:\/\/www.demont.it\/wp-content\/uploads\/2024\/01\/Squadra-officina-2-768x576.jpg 768w\" sizes=\"(max-width: 1024px) 100vw, 1024px\" \/>\t\t\t\t\t\t\t\t\t\t\t\t\t\t\t<\/div>\n\t\t\t\t<\/div>\n\t\t\t\t\t<\/div>\n\t\t<\/div>\n\t\t\t\t\t<\/div>\n\t\t<\/section>\n\t\t\t\t<\/div>\n\t\t","protected":false},"excerpt":{"rendered":"<p>scopriamo le persone La Squadra di Agrate Brianza Intervista a ANDREA STRAZZI Project Manager per il progetto STM Andrea, da quanto tempo lavori in Demont? Sono entrato in Demont a fine 2018, destinato al cantiere ITER in Francia. \u00c8 proprio in ITER che ho successivamente iniziato a lavorare come PM. Nel 2020 mi sono poi [&hellip;]<\/p>\n","protected":false},"author":3,"featured_media":19061,"parent":9806,"menu_order":0,"comment_status":"closed","ping_status":"closed","template":"","meta":{"_acf_changed":false,"footnotes":""},"class_list":["post-19059","page","type-page","status-publish","has-post-thumbnail","hentry"],"acf":[],"_links":{"self":[{"href":"https:\/\/www.demont.it\/it\/wp-json\/wp\/v2\/pages\/19059","targetHints":{"allow":["GET"]}}],"collection":[{"href":"https:\/\/www.demont.it\/it\/wp-json\/wp\/v2\/pages"}],"about":[{"href":"https:\/\/www.demont.it\/it\/wp-json\/wp\/v2\/types\/page"}],"author":[{"embeddable":true,"href":"https:\/\/www.demont.it\/it\/wp-json\/wp\/v2\/users\/3"}],"replies":[{"embeddable":true,"href":"https:\/\/www.demont.it\/it\/wp-json\/wp\/v2\/comments?post=19059"}],"version-history":[{"count":0,"href":"https:\/\/www.demont.it\/it\/wp-json\/wp\/v2\/pages\/19059\/revisions"}],"up":[{"embeddable":true,"href":"https:\/\/www.demont.it\/it\/wp-json\/wp\/v2\/pages\/9806"}],"wp:featuredmedia":[{"embeddable":true,"href":"https:\/\/www.demont.it\/it\/wp-json\/wp\/v2\/media\/19061"}],"wp:attachment":[{"href":"https:\/\/www.demont.it\/it\/wp-json\/wp\/v2\/media?parent=19059"}],"curies":[{"name":"wp","href":"https:\/\/api.w.org\/{rel}","templated":true}]}}