{"id":19761,"date":"2024-08-01T08:27:09","date_gmt":"2024-08-01T07:27:09","guid":{"rendered":"https:\/\/www.demont.it\/?page_id=19761"},"modified":"2024-08-01T14:56:50","modified_gmt":"2024-08-01T13:56:50","slug":"intervista-silvia-garino","status":"publish","type":"page","link":"https:\/\/www.demont.it\/it\/esg\/parita-di-genere\/intervista-silvia-garino\/","title":{"rendered":"Intervista Silvia Garino"},"content":{"rendered":"\t\t<div data-elementor-type=\"wp-page\" data-elementor-id=\"19761\" class=\"elementor elementor-19761\" data-elementor-settings=\"{&quot;ha_cmc_init_switcher&quot;:&quot;no&quot;}\" data-elementor-post-type=\"page\">\n\t\t\t\t\t\t<section class=\"elementor-section elementor-top-section elementor-element elementor-element-413d0e37 elementor-section-boxed elementor-section-height-default elementor-section-height-default\" data-id=\"413d0e37\" data-element_type=\"section\" data-e-type=\"section\" id=\"next\" data-settings=\"{&quot;background_background&quot;:&quot;classic&quot;,&quot;_ha_eqh_enable&quot;:false}\">\n\t\t\t\t\t\t\t<div class=\"elementor-background-overlay\"><\/div>\n\t\t\t\t\t\t\t<div class=\"elementor-container elementor-column-gap-default\">\n\t\t\t\t\t<div class=\"elementor-column elementor-col-100 elementor-top-column elementor-element elementor-element-33da4343\" data-id=\"33da4343\" data-element_type=\"column\" data-e-type=\"column\">\n\t\t\t<div class=\"elementor-widget-wrap elementor-element-populated\">\n\t\t\t\t\t\t<section class=\"elementor-section elementor-inner-section elementor-element elementor-element-2311f0c elementor-section-boxed elementor-section-height-default elementor-section-height-default\" data-id=\"2311f0c\" data-element_type=\"section\" data-e-type=\"section\" data-settings=\"{&quot;_ha_eqh_enable&quot;:false}\">\n\t\t\t\t\t\t<div class=\"elementor-container elementor-column-gap-default\">\n\t\t\t\t\t<div class=\"elementor-column elementor-col-50 elementor-inner-column elementor-element elementor-element-3102b621\" data-id=\"3102b621\" data-element_type=\"column\" data-e-type=\"column\">\n\t\t\t<div class=\"elementor-widget-wrap elementor-element-populated\">\n\t\t\t\t\t\t<div class=\"elementor-element elementor-element-6536acf9 elementor-widget elementor-widget-image\" data-id=\"6536acf9\" data-element_type=\"widget\" data-e-type=\"widget\" data-widget_type=\"image.default\">\n\t\t\t\t<div class=\"elementor-widget-container\">\n\t\t\t\t\t\t\t\t\t\t\t\t\t\t\t<img fetchpriority=\"high\" decoding=\"async\" width=\"683\" height=\"1024\" src=\"https:\/\/www.demont.it\/wp-content\/uploads\/2023\/11\/silvia-garino-683x1024.jpg\" class=\"attachment-large size-large wp-image-18799\" alt=\"\" srcset=\"https:\/\/www.demont.it\/wp-content\/uploads\/2023\/11\/silvia-garino-683x1024.jpg 683w, https:\/\/www.demont.it\/wp-content\/uploads\/2023\/11\/silvia-garino-200x300.jpg 200w, https:\/\/www.demont.it\/wp-content\/uploads\/2023\/11\/silvia-garino-768x1152.jpg 768w, https:\/\/www.demont.it\/wp-content\/uploads\/2023\/11\/silvia-garino.jpg 852w\" sizes=\"(max-width: 683px) 100vw, 683px\" \/>\t\t\t\t\t\t\t\t\t\t\t\t\t\t\t<\/div>\n\t\t\t\t<\/div>\n\t\t\t\t\t<\/div>\n\t\t<\/div>\n\t\t\t\t<div class=\"elementor-column elementor-col-50 elementor-inner-column elementor-element elementor-element-2b61a6fe\" data-id=\"2b61a6fe\" data-element_type=\"column\" data-e-type=\"column\">\n\t\t\t<div class=\"elementor-widget-wrap elementor-element-populated\">\n\t\t\t\t\t\t<div class=\"elementor-element elementor-element-109850fc elementor-widget elementor-widget-heading\" data-id=\"109850fc\" data-element_type=\"widget\" data-e-type=\"widget\" data-widget_type=\"heading.default\">\n\t\t\t\t<div class=\"elementor-widget-container\">\n\t\t\t\t\t<p class=\"elementor-heading-title elementor-size-default\">l'intervista<\/p>\t\t\t\t<\/div>\n\t\t\t\t<\/div>\n\t\t\t\t<div class=\"elementor-element elementor-element-76b844f7 elementor-widget elementor-widget-heading\" data-id=\"76b844f7\" data-element_type=\"widget\" data-e-type=\"widget\" data-widget_type=\"heading.default\">\n\t\t\t\t<div class=\"elementor-widget-container\">\n\t\t\t\t\t<h3 class=\"elementor-heading-title elementor-size-default\">La parola a Silvia<\/h3>\t\t\t\t<\/div>\n\t\t\t\t<\/div>\n\t\t\t\t<div class=\"elementor-element elementor-element-7c8eff60 elementor-widget__width-initial elementor-widget elementor-widget-heading\" data-id=\"7c8eff60\" data-element_type=\"widget\" data-e-type=\"widget\" data-widget_type=\"heading.default\">\n\t\t\t\t<div class=\"elementor-widget-container\">\n\t\t\t\t\t<h2 class=\"elementor-heading-title elementor-size-default\">Dirigente del settore industriale in Demont<\/h2>\t\t\t\t<\/div>\n\t\t\t\t<\/div>\n\t\t\t\t\t<\/div>\n\t\t<\/div>\n\t\t\t\t\t<\/div>\n\t\t<\/section>\n\t\t\t\t<div class=\"elementor-element elementor-element-3d8f638d elementor-widget-divider--view-line elementor-widget elementor-widget-divider\" data-id=\"3d8f638d\" data-element_type=\"widget\" data-e-type=\"widget\" data-widget_type=\"divider.default\">\n\t\t\t\t<div class=\"elementor-widget-container\">\n\t\t\t\t\t\t\t<div class=\"elementor-divider\">\n\t\t\t<span class=\"elementor-divider-separator\">\n\t\t\t\t\t\t<\/span>\n\t\t<\/div>\n\t\t\t\t\t\t<\/div>\n\t\t\t\t<\/div>\n\t\t\t\t<section class=\"elementor-section elementor-inner-section elementor-element elementor-element-15311763 elementor-section-boxed elementor-section-height-default elementor-section-height-default\" data-id=\"15311763\" data-element_type=\"section\" data-e-type=\"section\" data-settings=\"{&quot;_ha_eqh_enable&quot;:false}\">\n\t\t\t\t\t\t<div class=\"elementor-container elementor-column-gap-default\">\n\t\t\t\t\t<div class=\"elementor-column elementor-col-50 elementor-inner-column elementor-element elementor-element-2eea296f\" data-id=\"2eea296f\" data-element_type=\"column\" data-e-type=\"column\">\n\t\t\t<div class=\"elementor-widget-wrap elementor-element-populated\">\n\t\t\t\t\t\t<div class=\"elementor-element elementor-element-1a1b45e9 elementor-widget elementor-widget-heading\" data-id=\"1a1b45e9\" data-element_type=\"widget\" data-e-type=\"widget\" data-widget_type=\"heading.default\">\n\t\t\t\t<div class=\"elementor-widget-container\">\n\t\t\t\t\t<p class=\"elementor-heading-title elementor-size-default\">Ciao Silvia, per iniziare vuoi raccontarci cosa ti ha portato a intraprendere un percorso inerente l'ingegneria, materia che spesso non viene scelta dalle donne?<\/p>\t\t\t\t<\/div>\n\t\t\t\t<\/div>\n\t\t\t\t<div class=\"elementor-element elementor-element-5c397edd elementor-widget elementor-widget-text-editor\" data-id=\"5c397edd\" data-element_type=\"widget\" data-e-type=\"widget\" data-widget_type=\"text-editor.default\">\n\t\t\t\t<div class=\"elementor-widget-container\">\n\t\t\t\t\t\t\t\t\t<p>Quella per le materie scientifiche \u2013 e per la chimica in particolare \u2013 \u00e8 una mia propensione innata: ho tuttora un grande amore per le discipline umanistiche e per l\u2019arte in genere, per\u00f2 la matematica, la fisica e le scienze mi sono sempre risultate di pi\u00f9 facile apprendimento.<\/p><p>Ho percorso questa strada anche per una scelta individuale: ero consapevole che se fossi diventata un&#8217;ingegnere mi sarei garantita l\u2019indipendenza economica e avrei avuto la possibilit\u00e0 di scegliere da sola, di essere autonoma. Il carattere indipendente ha sicuramente indirizzato le mie scelte fin da piccola.<\/p>\t\t\t\t\t\t\t\t<\/div>\n\t\t\t\t<\/div>\n\t\t\t\t<div class=\"elementor-element elementor-element-7f63686 elementor-widget elementor-widget-heading\" data-id=\"7f63686\" data-element_type=\"widget\" data-e-type=\"widget\" data-widget_type=\"heading.default\">\n\t\t\t\t<div class=\"elementor-widget-container\">\n\t\t\t\t\t<p class=\"elementor-heading-title elementor-size-default\">Quali sono i passi significativi che contraddistinguono la tua carriera?<\/p>\t\t\t\t<\/div>\n\t\t\t\t<\/div>\n\t\t\t\t<div class=\"elementor-element elementor-element-29a6f195 elementor-widget elementor-widget-text-editor\" data-id=\"29a6f195\" data-element_type=\"widget\" data-e-type=\"widget\" data-widget_type=\"text-editor.default\">\n\t\t\t\t<div class=\"elementor-widget-container\">\n\t\t\t\t\t\t\t\t\t<p>Dopo essermi laureata in ingegneria chimica al Politecnico di Milano, ho lavorato per una decina di anni per diverse multinazionali in questa citt\u00e0, che avevo scelto per la sua connotazione fortemente europea.<\/p><p>Poi ho voluto fare ritorno in Liguria, mia regione natale, e qui Demont mi ha dato la possibilit\u00e0 di fare carriera iniziando come Project Manager e diventando poi dirigente nel settore industriale.<\/p>\t\t\t\t\t\t\t\t<\/div>\n\t\t\t\t<\/div>\n\t\t\t\t<div class=\"elementor-element elementor-element-1829b890 elementor-widget elementor-widget-heading\" data-id=\"1829b890\" data-element_type=\"widget\" data-e-type=\"widget\" data-widget_type=\"heading.default\">\n\t\t\t\t<div class=\"elementor-widget-container\">\n\t\t\t\t\t<p class=\"elementor-heading-title elementor-size-default\">Visti i ruoli che hai svolto (e che svolgi ancora oggi) e gli ambiti in cui lavori, come hai vissuto e vivi la tua condizione di donna?<\/p>\t\t\t\t<\/div>\n\t\t\t\t<\/div>\n\t\t\t\t<div class=\"elementor-element elementor-element-1426d6a5 elementor-widget elementor-widget-text-editor\" data-id=\"1426d6a5\" data-element_type=\"widget\" data-e-type=\"widget\" data-widget_type=\"text-editor.default\">\n\t\t\t\t<div class=\"elementor-widget-container\">\n\t\t\t\t\t\t\t\t\t<p>Ritengo che negli ultimi 15 \u2013 20 anni il mondo del lavoro sia cambiato tantissimo. Negli anni 2000 le donne che lavoravano nel settore industriale e nell\u2019ingegneria erano infatti pochissime.<\/p><p>Ricordo che nel 2003, quando lavoravo come PM in una societ\u00e0 metalmeccanica lombarda, ho accolto un nuovo cliente che, senza darmi il tempo di fare le presentazioni, ha richiesto un caff\u00e8. Al mio ritorno, con le tazzine in mano, lui mi ha chiesto gentilmente di essere annunciato all\u2019ingegner Garino (ovvero a me). Non credo si trattasse di un caso di misoginia o che volesse offendermi, ma i ruoli di ingegnere e project manager al tempo erano veramente raramente ricoperti da donne.<\/p><p>Negli anni la situazione \u00e8 mutata e oggi ci sono molte donne che lavorano nei settori della metalmeccanica e dell\u2019ingegneria anche con ruoli apicali.<\/p><p>Di cammino ne \u00e8 stato fatto tanto anche se sicuramente la parit\u00e0 di genere \u00e8 una meta ancora da raggiungere.<\/p>\t\t\t\t\t\t\t\t<\/div>\n\t\t\t\t<\/div>\n\t\t\t\t\t<\/div>\n\t\t<\/div>\n\t\t\t\t<div class=\"elementor-column elementor-col-50 elementor-inner-column elementor-element elementor-element-45da1c36\" data-id=\"45da1c36\" data-element_type=\"column\" data-e-type=\"column\">\n\t\t\t<div class=\"elementor-widget-wrap elementor-element-populated\">\n\t\t\t\t\t\t<div class=\"elementor-element elementor-element-519c60b4 elementor-widget elementor-widget-heading\" data-id=\"519c60b4\" data-element_type=\"widget\" data-e-type=\"widget\" data-widget_type=\"heading.default\">\n\t\t\t\t<div class=\"elementor-widget-container\">\n\t\t\t\t\t<p class=\"elementor-heading-title elementor-size-default\">Silvia, tu sei mamma. Come ti sei sentita quando sei rimasta incinta? Avevi delle paure riguardo al lavoro?<\/p>\t\t\t\t<\/div>\n\t\t\t\t<\/div>\n\t\t\t\t<div class=\"elementor-element elementor-element-494d79fc elementor-widget elementor-widget-text-editor\" data-id=\"494d79fc\" data-element_type=\"widget\" data-e-type=\"widget\" data-widget_type=\"text-editor.default\">\n\t\t\t\t<div class=\"elementor-widget-container\">\n\t\t\t\t\t\t\t\t\t<p>Io ho voluto la maternit\u00e0 pi\u00f9 di qualsiasi altra cosa e proprio per questo avevo messo in conto che avrei dovuto sforzarmi un po\u2019 di pi\u00f9 per bilanciare i ruoli di madre e lavoratrice.<\/p><p>Ho sempre pensato che avrei dovuto trovare il modo di far coesistere le due cose, sapendo che \u2013 probabilmente \u2013 ci sarebbe voluta tanta energia fisica e mentale e che forse, in alcuni casi, ci sarebbero stati dazi da pagare. Ma ero pronta a fare sacrifici pur di avere entrambe le cose.<\/p><p>Nel mio caso specifico la realt\u00e0 ha superato le aspettative: sono andata in maternit\u00e0 con la qualifica da PM e quando mio figlio non aveva ancora compiuto 3 anni ho ottenuto la promozione a dirigente. La maternit\u00e0 non mi ha quindi sicuramente sfavorito.<\/p>\t\t\t\t\t\t\t\t<\/div>\n\t\t\t\t<\/div>\n\t\t\t\t<div class=\"elementor-element elementor-element-70159150 elementor-widget elementor-widget-heading\" data-id=\"70159150\" data-element_type=\"widget\" data-e-type=\"widget\" data-widget_type=\"heading.default\">\n\t\t\t\t<div class=\"elementor-widget-container\">\n\t\t\t\t\t<p class=\"elementor-heading-title elementor-size-default\">Work Life Balance: l'equilibrio tra vita professionale e vita privata \u00e8 cambiato con la maternit\u00e0 e, se s\u00ec, come?<\/p>\t\t\t\t<\/div>\n\t\t\t\t<\/div>\n\t\t\t\t<div class=\"elementor-element elementor-element-6543b672 elementor-widget elementor-widget-text-editor\" data-id=\"6543b672\" data-element_type=\"widget\" data-e-type=\"widget\" data-widget_type=\"text-editor.default\">\n\t\t\t\t<div class=\"elementor-widget-container\">\n\t\t\t\t\t\t\t\t\t<p>Mi sono dovuta organizzare: l\u2019organizzazione \u00e8 il fattore chiave insieme alla creazione di una rete di supporto che ti devi costruire intorno per gestire contemporaneamente\u00a0 le esigenze familiari e lavorative.<\/p><p>A parte le possibili emergenze, la normalit\u00e0 \u00e8 totalmente coperta (familiari, baby sitter, tempo prolungato a scuola, etc\u2026). \u00c8 chiaro che ho bisogno di qualcuno che si occupi di mio figlio quando io sono al lavoro: \u00e8 tutta una questione di organizzazione e giusto bilanciamento delle esigenze e dei tempi.<\/p><p>In alcuni casi, viene in aiuto anche il supporto dell\u2019azienda e pi\u00f9 un\u2019azienda \u00e8 strutturata come Demont pi\u00f9 \u00e8 semplice: io lavoro con una squadra di persone, non sono sola come una libera professionista, quindi \u2013 in caso di imprevisti\u2013 ho sempre la possibilit\u00e0 di farmi aiutare.<\/p>\t\t\t\t\t\t\t\t<\/div>\n\t\t\t\t<\/div>\n\t\t\t\t<div class=\"elementor-element elementor-element-7d8ab234 elementor-widget elementor-widget-heading\" data-id=\"7d8ab234\" data-element_type=\"widget\" data-e-type=\"widget\" data-widget_type=\"heading.default\">\n\t\t\t\t<div class=\"elementor-widget-container\">\n\t\t\t\t\t<p class=\"elementor-heading-title elementor-size-default\">Guardando le statistiche emerge quanto sia diffusa la convinzione che una donna che rientra dalla maternit\u00e0 sia meno efficiente sul luogo di lavoro. Tu cosa ne pensi?<\/p>\t\t\t\t<\/div>\n\t\t\t\t<\/div>\n\t\t\t\t<div class=\"elementor-element elementor-element-6982b5b9 elementor-widget elementor-widget-text-editor\" data-id=\"6982b5b9\" data-element_type=\"widget\" data-e-type=\"widget\" data-widget_type=\"text-editor.default\">\n\t\t\t\t<div class=\"elementor-widget-container\">\n\t\t\t\t\t\t\t\t\t<p>Come ho gi\u00e0 detto, io sono diventata dirigente tra pre e post maternit\u00e0 e gi\u00e0 questo \u00e8 un dato significativo.<\/p><p>Nella mia esperienza posso solo dire che \u00e8 aumentata l\u2019efficienza intesa come capacit\u00e0 di concentrarsi sulle cose essenziali e svolgerle nel modo migliore, pi\u00f9 veloce ed ottimizzato perch\u00e9 vuoi e devi riuscire a gestire tutto assieme.<\/p><p>Con la maternit\u00e0, le donne imparano a gestire il loro tempo, a coordinare molte cose in pi\u00f9 simultaneamente e questo fa aumentare l\u2019efficacia e l\u2019efficienza anche nella gestione del lavoro.<\/p>\t\t\t\t\t\t\t\t<\/div>\n\t\t\t\t<\/div>\n\t\t\t\t\t<\/div>\n\t\t<\/div>\n\t\t\t\t\t<\/div>\n\t\t<\/section>\n\t\t\t\t\t<\/div>\n\t\t<\/div>\n\t\t\t\t\t<\/div>\n\t\t<\/section>\n\t\t\t\t<\/div>\n\t\t","protected":false},"excerpt":{"rendered":"<p>l&#8217;intervista La parola a Silvia Dirigente del settore industriale in Demont Ciao Silvia, per iniziare vuoi raccontarci cosa ti ha portato a intraprendere un percorso inerente l&#8217;ingegneria, materia che spesso non viene scelta dalle donne? Quella per le materie scientifiche \u2013 e per la chimica in particolare \u2013 \u00e8 una mia propensione innata: ho tuttora [&hellip;]<\/p>\n","protected":false},"author":3,"featured_media":0,"parent":18662,"menu_order":0,"comment_status":"closed","ping_status":"closed","template":"","meta":{"_acf_changed":false,"footnotes":""},"class_list":["post-19761","page","type-page","status-publish","hentry"],"acf":[],"_links":{"self":[{"href":"https:\/\/www.demont.it\/it\/wp-json\/wp\/v2\/pages\/19761","targetHints":{"allow":["GET"]}}],"collection":[{"href":"https:\/\/www.demont.it\/it\/wp-json\/wp\/v2\/pages"}],"about":[{"href":"https:\/\/www.demont.it\/it\/wp-json\/wp\/v2\/types\/page"}],"author":[{"embeddable":true,"href":"https:\/\/www.demont.it\/it\/wp-json\/wp\/v2\/users\/3"}],"replies":[{"embeddable":true,"href":"https:\/\/www.demont.it\/it\/wp-json\/wp\/v2\/comments?post=19761"}],"version-history":[{"count":0,"href":"https:\/\/www.demont.it\/it\/wp-json\/wp\/v2\/pages\/19761\/revisions"}],"up":[{"embeddable":true,"href":"https:\/\/www.demont.it\/it\/wp-json\/wp\/v2\/pages\/18662"}],"wp:attachment":[{"href":"https:\/\/www.demont.it\/it\/wp-json\/wp\/v2\/media?parent=19761"}],"curies":[{"name":"wp","href":"https:\/\/api.w.org\/{rel}","templated":true}]}}