{"id":19767,"date":"2024-08-01T08:28:48","date_gmt":"2024-08-01T07:28:48","guid":{"rendered":"https:\/\/www.demont.it\/?page_id=19767"},"modified":"2024-08-01T14:57:30","modified_gmt":"2024-08-01T13:57:30","slug":"intervista-serena-dani","status":"publish","type":"page","link":"https:\/\/www.demont.it\/it\/esg\/parita-di-genere\/intervista-serena-dani\/","title":{"rendered":"Intervista Serena Dani"},"content":{"rendered":"\t\t<div data-elementor-type=\"wp-page\" data-elementor-id=\"19767\" class=\"elementor elementor-19767\" data-elementor-settings=\"{&quot;ha_cmc_init_switcher&quot;:&quot;no&quot;}\" data-elementor-post-type=\"page\">\n\t\t\t\t\t\t<section class=\"elementor-section elementor-top-section elementor-element elementor-element-413d0e37 elementor-section-boxed elementor-section-height-default elementor-section-height-default\" data-id=\"413d0e37\" data-element_type=\"section\" data-e-type=\"section\" id=\"next\" data-settings=\"{&quot;background_background&quot;:&quot;classic&quot;,&quot;_ha_eqh_enable&quot;:false}\">\n\t\t\t\t\t\t\t<div class=\"elementor-background-overlay\"><\/div>\n\t\t\t\t\t\t\t<div class=\"elementor-container elementor-column-gap-default\">\n\t\t\t\t\t<div class=\"elementor-column elementor-col-100 elementor-top-column elementor-element elementor-element-33da4343\" data-id=\"33da4343\" data-element_type=\"column\" data-e-type=\"column\">\n\t\t\t<div class=\"elementor-widget-wrap elementor-element-populated\">\n\t\t\t\t\t\t<section class=\"elementor-section elementor-inner-section elementor-element elementor-element-2311f0c elementor-section-boxed elementor-section-height-default elementor-section-height-default\" data-id=\"2311f0c\" data-element_type=\"section\" data-e-type=\"section\" data-settings=\"{&quot;_ha_eqh_enable&quot;:false}\">\n\t\t\t\t\t\t<div class=\"elementor-container elementor-column-gap-default\">\n\t\t\t\t\t<div class=\"elementor-column elementor-col-50 elementor-inner-column elementor-element elementor-element-3102b621\" data-id=\"3102b621\" data-element_type=\"column\" data-e-type=\"column\">\n\t\t\t<div class=\"elementor-widget-wrap elementor-element-populated\">\n\t\t\t\t\t\t<div class=\"elementor-element elementor-element-6536acf9 elementor-widget elementor-widget-image\" data-id=\"6536acf9\" data-element_type=\"widget\" data-e-type=\"widget\" data-widget_type=\"image.default\">\n\t\t\t\t<div class=\"elementor-widget-container\">\n\t\t\t\t\t\t\t\t\t\t\t\t\t\t\t<img fetchpriority=\"high\" decoding=\"async\" width=\"683\" height=\"1024\" src=\"https:\/\/www.demont.it\/wp-content\/uploads\/2024\/08\/serena-dani-683x1024.jpg\" class=\"attachment-large size-large wp-image-19775\" alt=\"\" srcset=\"https:\/\/www.demont.it\/wp-content\/uploads\/2024\/08\/serena-dani-683x1024.jpg 683w, https:\/\/www.demont.it\/wp-content\/uploads\/2024\/08\/serena-dani-200x300.jpg 200w, https:\/\/www.demont.it\/wp-content\/uploads\/2024\/08\/serena-dani-768x1152.jpg 768w, https:\/\/www.demont.it\/wp-content\/uploads\/2024\/08\/serena-dani.jpg 852w\" sizes=\"(max-width: 683px) 100vw, 683px\" \/>\t\t\t\t\t\t\t\t\t\t\t\t\t\t\t<\/div>\n\t\t\t\t<\/div>\n\t\t\t\t\t<\/div>\n\t\t<\/div>\n\t\t\t\t<div class=\"elementor-column elementor-col-50 elementor-inner-column elementor-element elementor-element-2b61a6fe\" data-id=\"2b61a6fe\" data-element_type=\"column\" data-e-type=\"column\">\n\t\t\t<div class=\"elementor-widget-wrap elementor-element-populated\">\n\t\t\t\t\t\t<div class=\"elementor-element elementor-element-109850fc elementor-widget elementor-widget-heading\" data-id=\"109850fc\" data-element_type=\"widget\" data-e-type=\"widget\" data-widget_type=\"heading.default\">\n\t\t\t\t<div class=\"elementor-widget-container\">\n\t\t\t\t\t<p class=\"elementor-heading-title elementor-size-default\">l'intervista<\/p>\t\t\t\t<\/div>\n\t\t\t\t<\/div>\n\t\t\t\t<div class=\"elementor-element elementor-element-76b844f7 elementor-widget elementor-widget-heading\" data-id=\"76b844f7\" data-element_type=\"widget\" data-e-type=\"widget\" data-widget_type=\"heading.default\">\n\t\t\t\t<div class=\"elementor-widget-container\">\n\t\t\t\t\t<h3 class=\"elementor-heading-title elementor-size-default\">La parola a Serena<\/h3>\t\t\t\t<\/div>\n\t\t\t\t<\/div>\n\t\t\t\t<div class=\"elementor-element elementor-element-7c8eff60 elementor-widget__width-initial elementor-widget elementor-widget-heading\" data-id=\"7c8eff60\" data-element_type=\"widget\" data-e-type=\"widget\" data-widget_type=\"heading.default\">\n\t\t\t\t<div class=\"elementor-widget-container\">\n\t\t\t\t\t<h2 class=\"elementor-heading-title elementor-size-default\">Project Manager di un contratto EPC per la realizzazione della nuova centrale termoelettrica di Ostiglia<\/h2>\t\t\t\t<\/div>\n\t\t\t\t<\/div>\n\t\t\t\t\t<\/div>\n\t\t<\/div>\n\t\t\t\t\t<\/div>\n\t\t<\/section>\n\t\t\t\t<div class=\"elementor-element elementor-element-3d8f638d elementor-widget-divider--view-line elementor-widget elementor-widget-divider\" data-id=\"3d8f638d\" data-element_type=\"widget\" data-e-type=\"widget\" data-widget_type=\"divider.default\">\n\t\t\t\t<div class=\"elementor-widget-container\">\n\t\t\t\t\t\t\t<div class=\"elementor-divider\">\n\t\t\t<span class=\"elementor-divider-separator\">\n\t\t\t\t\t\t<\/span>\n\t\t<\/div>\n\t\t\t\t\t\t<\/div>\n\t\t\t\t<\/div>\n\t\t\t\t<section class=\"elementor-section elementor-inner-section elementor-element elementor-element-15311763 elementor-section-boxed elementor-section-height-default elementor-section-height-default\" data-id=\"15311763\" data-element_type=\"section\" data-e-type=\"section\" data-settings=\"{&quot;_ha_eqh_enable&quot;:false}\">\n\t\t\t\t\t\t<div class=\"elementor-container elementor-column-gap-default\">\n\t\t\t\t\t<div class=\"elementor-column elementor-col-50 elementor-inner-column elementor-element elementor-element-2eea296f\" data-id=\"2eea296f\" data-element_type=\"column\" data-e-type=\"column\">\n\t\t\t<div class=\"elementor-widget-wrap elementor-element-populated\">\n\t\t\t\t\t\t<div class=\"elementor-element elementor-element-1a1b45e9 elementor-widget elementor-widget-heading\" data-id=\"1a1b45e9\" data-element_type=\"widget\" data-e-type=\"widget\" data-widget_type=\"heading.default\">\n\t\t\t\t<div class=\"elementor-widget-container\">\n\t\t\t\t\t<p class=\"elementor-heading-title elementor-size-default\">Serena, il tuo percorso lavorativo potrebbe considerarsi l\u2019emblema della crescita personale e professionale. Raccontaci i passaggi significativi della tua evoluzione da assistente linguistica a PM.<\/p>\t\t\t\t<\/div>\n\t\t\t\t<\/div>\n\t\t\t\t<div class=\"elementor-element elementor-element-5c397edd elementor-widget elementor-widget-text-editor\" data-id=\"5c397edd\" data-element_type=\"widget\" data-e-type=\"widget\" data-widget_type=\"text-editor.default\">\n\t\t\t\t<div class=\"elementor-widget-container\">\n\t\t\t\t\t\t\t\t\t<p>Ho iniziato a lavorare in Demont come assistente alla gestione di commessa, specialmente nell\u2019intermediazione linguistica, per i colleghi che al tempo gestivano commesse prettamente all\u2019estero.<\/p><p>Durante i primi anni, mi sono occupata di tenere i contatti con clienti e fornitori stranieri; poi, acquisendo man mano sempre pi\u00f9 esperienza, grazie anche alla disponibilit\u00e0 dei miei colleghi, che mi hanno insegnato elementi non limitati al mio percorso di provenienza, ho iniziato a supportare i Project Manager anche in altre attivit\u00e0. In questo modo ho avuto la possibilit\u00e0 di maturare esperienze che si distaccavano parecchio dalla mia formazione di partenza.<\/p><p>Tutto ci\u00f2, con gli anni, mi ha permesso di diventare PM e di gestire in modo autonomo commesse di varie dimensioni, fino ad arrivare ad oggi con l\u2019incarico di seguire un progetto molto importante, riguardante la realizzazione della nuova centrale termoelettrica di Ostiglia.<\/p>\t\t\t\t\t\t\t\t<\/div>\n\t\t\t\t<\/div>\n\t\t\t\t<div class=\"elementor-element elementor-element-7f63686 elementor-widget elementor-widget-heading\" data-id=\"7f63686\" data-element_type=\"widget\" data-e-type=\"widget\" data-widget_type=\"heading.default\">\n\t\t\t\t<div class=\"elementor-widget-container\">\n\t\t\t\t\t<p class=\"elementor-heading-title elementor-size-default\">In un settore come il tuo, immaginiamo che la maggior parte dei tuoi colleghi sia di genere maschile. Come vivi questo e in che modo i tuoi colleghi si interfacciano con te?<\/p>\t\t\t\t<\/div>\n\t\t\t\t<\/div>\n\t\t\t\t<div class=\"elementor-element elementor-element-29a6f195 elementor-widget elementor-widget-text-editor\" data-id=\"29a6f195\" data-element_type=\"widget\" data-e-type=\"widget\" data-widget_type=\"text-editor.default\">\n\t\t\t\t<div class=\"elementor-widget-container\">\n\t\t\t\t\t\t\t\t\t<p>Avendo sempre seguito progetti in paesi esteri, dove la cultura di emancipazione femminile nel mondo del lavoro si \u00e8 sviluppata molto prima che in Italia, gli episodi in cui all\u2019esterno si \u00e8 percepita poca fiducia nei confronti di un ruolo gestionale occupato da una donna sono stati limitati.<\/p><p>Nei primi anni del mio lavoro qui, quasi ogni posizione di gestione di commessa era occupata da uomini, ma ho sempre potuto relazionarmici senza limitazioni. Negli ultimi anni, anche con l\u2019ingresso di nuove generazioni maschili nell\u2019ambiente lavorativo, si \u00e8 sicuramente notato un cambiamento nella mentalit\u00e0 e nella cultura dei colleghi nel considerare molto pi\u00f9 normale avere colleghe donne con pari posizioni all\u2019interno dell\u2019azienda. <\/p>\t\t\t\t\t\t\t\t<\/div>\n\t\t\t\t<\/div>\n\t\t\t\t\t<\/div>\n\t\t<\/div>\n\t\t\t\t<div class=\"elementor-column elementor-col-50 elementor-inner-column elementor-element elementor-element-45da1c36\" data-id=\"45da1c36\" data-element_type=\"column\" data-e-type=\"column\">\n\t\t\t<div class=\"elementor-widget-wrap elementor-element-populated\">\n\t\t\t\t\t\t<div class=\"elementor-element elementor-element-1829b890 elementor-widget elementor-widget-heading\" data-id=\"1829b890\" data-element_type=\"widget\" data-e-type=\"widget\" data-widget_type=\"heading.default\">\n\t\t\t\t<div class=\"elementor-widget-container\">\n\t\t\t\t\t<p class=\"elementor-heading-title elementor-size-default\">Oltre alle tue capacit\u00e0 indiscusse, pensi che la sensibilizzazione verso la parit\u00e0 di genere avvenuta soprattutto negli ultimi anni e il fatto di lavorare in un\u2019azienda come Demont, che si pone come obiettivo anche quello di tutelare le diversit\u00e0, siano stati dei validi alleati per la tua crescita? <\/p>\t\t\t\t<\/div>\n\t\t\t\t<\/div>\n\t\t\t\t<div class=\"elementor-element elementor-element-1426d6a5 elementor-widget elementor-widget-text-editor\" data-id=\"1426d6a5\" data-element_type=\"widget\" data-e-type=\"widget\" data-widget_type=\"text-editor.default\">\n\t\t\t\t<div class=\"elementor-widget-container\">\n\t\t\t\t\t\t\t\t\t<p>L\u2019Azienda, specialmente negli ultimi anni, ha intrapreso politiche e adottato azioni volte a miglioramenti netti nella valorizzazione delle figure femminili nell\u2019ambiente lavorativo. Ha saputo sostenere la crescita delle dipendenti a livello professionale, dando loro la possibilit\u00e0 di occupare posizioni che inizialmente erano molto pi\u00f9 maschili. Questo \u00e8 stato d\u2019aiuto a me, ma anche a tutte le mie colleghe.<\/p><p>In precedenza, ho lavorato in altre realt\u00e0 pi\u00f9 piccole, per dimensioni e struttura, difficilmente paragonabili a Demont: ai tempi (sono ormai passati 19 anni) la situazione era molto diversa da quella di oggi, ma devo dire che fortunatamente nessuno mi ha mai mancato di rispetto in quanto donna o ragazza giovane.<\/p><p>A ogni modo, Demont ha la possibilit\u00e0 e, soprattutto, la volont\u00e0 di perseguire tali politiche aziendali: questa probabilmente \u00e8 la differenza principale dalle altre ditte.<\/p>\t\t\t\t\t\t\t\t<\/div>\n\t\t\t\t<\/div>\n\t\t\t\t<div class=\"elementor-element elementor-element-519c60b4 elementor-widget elementor-widget-heading\" data-id=\"519c60b4\" data-element_type=\"widget\" data-e-type=\"widget\" data-widget_type=\"heading.default\">\n\t\t\t\t<div class=\"elementor-widget-container\">\n\t\t\t\t\t<p class=\"elementor-heading-title elementor-size-default\">Il ruolo di PM che ricopri in Demont ti consente di conciliare bene i tempi vita-lavoro?<\/p>\t\t\t\t<\/div>\n\t\t\t\t<\/div>\n\t\t\t\t<div class=\"elementor-element elementor-element-494d79fc elementor-widget elementor-widget-text-editor\" data-id=\"494d79fc\" data-element_type=\"widget\" data-e-type=\"widget\" data-widget_type=\"text-editor.default\">\n\t\t\t\t<div class=\"elementor-widget-container\">\n\t\t\t\t\t\t\t\t\t<p>Il progetto che sto seguendo \u00e8 complesso, richiede tempo, impegno e costanza, ma ho l\u2019autonomia di gestire le mie giornate lavorative, con un maggiore equilibrio vita-lavoro come risultato.<\/p>\t\t\t\t\t\t\t\t<\/div>\n\t\t\t\t<\/div>\n\t\t\t\t<div class=\"elementor-element elementor-element-70159150 elementor-widget elementor-widget-heading\" data-id=\"70159150\" data-element_type=\"widget\" data-e-type=\"widget\" data-widget_type=\"heading.default\">\n\t\t\t\t<div class=\"elementor-widget-container\">\n\t\t\t\t\t<p class=\"elementor-heading-title elementor-size-default\">In generale: cosa pensi sia gi\u00e0 stato raggiunto in tema di parit\u00e0 di genere e quali sono, invece, gli aspetti su cui bisogna ancora lavorare? <\/p>\t\t\t\t<\/div>\n\t\t\t\t<\/div>\n\t\t\t\t<div class=\"elementor-element elementor-element-6543b672 elementor-widget elementor-widget-text-editor\" data-id=\"6543b672\" data-element_type=\"widget\" data-e-type=\"widget\" data-widget_type=\"text-editor.default\">\n\t\t\t\t<div class=\"elementor-widget-container\">\n\t\t\t\t\t\t\t\t\t<p>Attualmente, ci sono gi\u00e0 diverse donne che occupano posizioni apicali all\u2019intero delle aziende. Penso che i risultati ottenuti negli ultimi anni siano da considerarsi buoni, con una presenza molto pi\u00f9 forte rispetto a prima di figure femminili che ricoprono ruoli di responsabilit\u00e0. L\u2019augurio \u00e8 che si possa continuare in questa direzione, garantendo la parit\u00e0 a livello di ruolo anche in generi di appartenenza diversa ed eliminando quei pochi stereotipi che ancora oggi, anche se involontariamente, emergono.<\/p>\t\t\t\t\t\t\t\t<\/div>\n\t\t\t\t<\/div>\n\t\t\t\t\t<\/div>\n\t\t<\/div>\n\t\t\t\t\t<\/div>\n\t\t<\/section>\n\t\t\t\t\t<\/div>\n\t\t<\/div>\n\t\t\t\t\t<\/div>\n\t\t<\/section>\n\t\t\t\t<\/div>\n\t\t","protected":false},"excerpt":{"rendered":"<p>l&#8217;intervista La parola a Serena Project Manager di un contratto EPC per la realizzazione della nuova centrale termoelettrica di Ostiglia Serena, il tuo percorso lavorativo potrebbe considerarsi l\u2019emblema della crescita personale e professionale. Raccontaci i passaggi significativi della tua evoluzione da assistente linguistica a PM. Ho iniziato a lavorare in Demont come assistente alla gestione [&hellip;]<\/p>\n","protected":false},"author":3,"featured_media":0,"parent":18662,"menu_order":0,"comment_status":"closed","ping_status":"closed","template":"","meta":{"_acf_changed":false,"footnotes":""},"class_list":["post-19767","page","type-page","status-publish","hentry"],"acf":[],"_links":{"self":[{"href":"https:\/\/www.demont.it\/it\/wp-json\/wp\/v2\/pages\/19767","targetHints":{"allow":["GET"]}}],"collection":[{"href":"https:\/\/www.demont.it\/it\/wp-json\/wp\/v2\/pages"}],"about":[{"href":"https:\/\/www.demont.it\/it\/wp-json\/wp\/v2\/types\/page"}],"author":[{"embeddable":true,"href":"https:\/\/www.demont.it\/it\/wp-json\/wp\/v2\/users\/3"}],"replies":[{"embeddable":true,"href":"https:\/\/www.demont.it\/it\/wp-json\/wp\/v2\/comments?post=19767"}],"version-history":[{"count":0,"href":"https:\/\/www.demont.it\/it\/wp-json\/wp\/v2\/pages\/19767\/revisions"}],"up":[{"embeddable":true,"href":"https:\/\/www.demont.it\/it\/wp-json\/wp\/v2\/pages\/18662"}],"wp:attachment":[{"href":"https:\/\/www.demont.it\/it\/wp-json\/wp\/v2\/media?parent=19767"}],"curies":[{"name":"wp","href":"https:\/\/api.w.org\/{rel}","templated":true}]}}