{"id":20912,"date":"2025-08-08T09:37:51","date_gmt":"2025-08-08T08:37:51","guid":{"rendered":"https:\/\/www.demont.it\/?page_id=20912"},"modified":"2025-08-08T10:41:32","modified_gmt":"2025-08-08T09:41:32","slug":"intervista-sheila-badano","status":"publish","type":"page","link":"https:\/\/www.demont.it\/it\/esg\/parita-di-genere\/intervista-sheila-badano\/","title":{"rendered":"Intervista Sheila Badano"},"content":{"rendered":"\t\t<div data-elementor-type=\"wp-page\" data-elementor-id=\"20912\" class=\"elementor elementor-20912\" data-elementor-settings=\"{&quot;ha_cmc_init_switcher&quot;:&quot;no&quot;}\" data-elementor-post-type=\"page\">\n\t\t\t\t\t\t<section class=\"elementor-section elementor-top-section elementor-element elementor-element-413d0e37 elementor-section-boxed elementor-section-height-default elementor-section-height-default\" data-id=\"413d0e37\" data-element_type=\"section\" data-e-type=\"section\" id=\"next\" data-settings=\"{&quot;background_background&quot;:&quot;classic&quot;,&quot;_ha_eqh_enable&quot;:false}\">\n\t\t\t\t\t\t\t<div class=\"elementor-background-overlay\"><\/div>\n\t\t\t\t\t\t\t<div class=\"elementor-container elementor-column-gap-default\">\n\t\t\t\t\t<div class=\"elementor-column elementor-col-100 elementor-top-column elementor-element elementor-element-33da4343\" data-id=\"33da4343\" data-element_type=\"column\" data-e-type=\"column\">\n\t\t\t<div class=\"elementor-widget-wrap elementor-element-populated\">\n\t\t\t\t\t\t<section class=\"elementor-section elementor-inner-section elementor-element elementor-element-2311f0c elementor-section-boxed elementor-section-height-default elementor-section-height-default\" data-id=\"2311f0c\" data-element_type=\"section\" data-e-type=\"section\" data-settings=\"{&quot;_ha_eqh_enable&quot;:false}\">\n\t\t\t\t\t\t<div class=\"elementor-container elementor-column-gap-default\">\n\t\t\t\t\t<div class=\"elementor-column elementor-col-50 elementor-inner-column elementor-element elementor-element-3102b621\" data-id=\"3102b621\" data-element_type=\"column\" data-e-type=\"column\">\n\t\t\t<div class=\"elementor-widget-wrap elementor-element-populated\">\n\t\t\t\t\t\t<div class=\"elementor-element elementor-element-6536acf9 elementor-widget elementor-widget-image\" data-id=\"6536acf9\" data-element_type=\"widget\" data-e-type=\"widget\" data-widget_type=\"image.default\">\n\t\t\t\t<div class=\"elementor-widget-container\">\n\t\t\t\t\t\t\t\t\t\t\t\t\t\t\t<img fetchpriority=\"high\" decoding=\"async\" width=\"683\" height=\"1024\" src=\"https:\/\/www.demont.it\/wp-content\/uploads\/2025\/08\/Sheilla-Badano-683x1024.jpg\" class=\"attachment-large size-large wp-image-20893\" alt=\"\" srcset=\"https:\/\/www.demont.it\/wp-content\/uploads\/2025\/08\/Sheilla-Badano-683x1024.jpg 683w, https:\/\/www.demont.it\/wp-content\/uploads\/2025\/08\/Sheilla-Badano-200x300.jpg 200w, https:\/\/www.demont.it\/wp-content\/uploads\/2025\/08\/Sheilla-Badano-768x1152.jpg 768w, https:\/\/www.demont.it\/wp-content\/uploads\/2025\/08\/Sheilla-Badano.jpg 852w\" sizes=\"(max-width: 683px) 100vw, 683px\" \/>\t\t\t\t\t\t\t\t\t\t\t\t\t\t\t<\/div>\n\t\t\t\t<\/div>\n\t\t\t\t\t<\/div>\n\t\t<\/div>\n\t\t\t\t<div class=\"elementor-column elementor-col-50 elementor-inner-column elementor-element elementor-element-2b61a6fe\" data-id=\"2b61a6fe\" data-element_type=\"column\" data-e-type=\"column\">\n\t\t\t<div class=\"elementor-widget-wrap elementor-element-populated\">\n\t\t\t\t\t\t<div class=\"elementor-element elementor-element-109850fc elementor-widget elementor-widget-heading\" data-id=\"109850fc\" data-element_type=\"widget\" data-e-type=\"widget\" data-widget_type=\"heading.default\">\n\t\t\t\t<div class=\"elementor-widget-container\">\n\t\t\t\t\t<p class=\"elementor-heading-title elementor-size-default\">l'intervista<\/p>\t\t\t\t<\/div>\n\t\t\t\t<\/div>\n\t\t\t\t<div class=\"elementor-element elementor-element-76b844f7 elementor-widget elementor-widget-heading\" data-id=\"76b844f7\" data-element_type=\"widget\" data-e-type=\"widget\" data-widget_type=\"heading.default\">\n\t\t\t\t<div class=\"elementor-widget-container\">\n\t\t\t\t\t<h3 class=\"elementor-heading-title elementor-size-default\">La parola a Sheila<\/h3>\t\t\t\t<\/div>\n\t\t\t\t<\/div>\n\t\t\t\t<div class=\"elementor-element elementor-element-7c8eff60 elementor-widget__width-initial elementor-widget elementor-widget-heading\" data-id=\"7c8eff60\" data-element_type=\"widget\" data-e-type=\"widget\" data-widget_type=\"heading.default\">\n\t\t\t\t<div class=\"elementor-widget-container\">\n\t\t\t\t\t<h2 class=\"elementor-heading-title elementor-size-default\">Prima Site Manager nella storia di Demont<\/h2>\t\t\t\t<\/div>\n\t\t\t\t<\/div>\n\t\t\t\t\t<\/div>\n\t\t<\/div>\n\t\t\t\t\t<\/div>\n\t\t<\/section>\n\t\t\t\t<div class=\"elementor-element elementor-element-3d8f638d elementor-widget-divider--view-line elementor-widget elementor-widget-divider\" data-id=\"3d8f638d\" data-element_type=\"widget\" data-e-type=\"widget\" data-widget_type=\"divider.default\">\n\t\t\t\t<div class=\"elementor-widget-container\">\n\t\t\t\t\t\t\t<div class=\"elementor-divider\">\n\t\t\t<span class=\"elementor-divider-separator\">\n\t\t\t\t\t\t<\/span>\n\t\t<\/div>\n\t\t\t\t\t\t<\/div>\n\t\t\t\t<\/div>\n\t\t\t\t<section class=\"elementor-section elementor-inner-section elementor-element elementor-element-15311763 elementor-section-boxed elementor-section-height-default elementor-section-height-default\" data-id=\"15311763\" data-element_type=\"section\" data-e-type=\"section\" data-settings=\"{&quot;_ha_eqh_enable&quot;:false}\">\n\t\t\t\t\t\t<div class=\"elementor-container elementor-column-gap-default\">\n\t\t\t\t\t<div class=\"elementor-column elementor-col-50 elementor-inner-column elementor-element elementor-element-2eea296f\" data-id=\"2eea296f\" data-element_type=\"column\" data-e-type=\"column\">\n\t\t\t<div class=\"elementor-widget-wrap elementor-element-populated\">\n\t\t\t\t\t\t<div class=\"elementor-element elementor-element-2935358 elementor-widget elementor-widget-text-editor\" data-id=\"2935358\" data-element_type=\"widget\" data-e-type=\"widget\" data-widget_type=\"text-editor.default\">\n\t\t\t\t<div class=\"elementor-widget-container\">\n\t\t\t\t\t\t\t\t\t<p>Il percorso di Sheila non era prestabilito. Da bambina osservava il padre dirigere i cantieri in Demont, senza immaginare che un giorno avrebbe assunto a sua volta un ruolo di guida. Eppure, passo dopo passo, ha scelto di affrontare le stesse sfide, portando con s\u00e9 uno sguardo personale, una visione tecnica solida e un\u2019energia autentica.<\/p><p>In oltre cinquant\u2019anni di storia aziendale, nessuna persona si era ancora distinta in questo ruolo con un\u2019identit\u00e0 femminile. Con il suo lavoro, Sheila ha segnato un\u2019evoluzione culturale, trasformando un traguardo individuale in un segnale positivo per tutto il settore.<\/p><p>Oggi coordina il cantiere Demont presso la raffineria TotalEnergies di Grandpuits, in Francia: un contesto tecnico, internazionale e ad alta complessit\u00e0. Qui, ha dimostrato che competenza, visione e capacit\u00e0 organizzativa sono ci\u00f2 che realmente contano, superando ogni preconcetto ancora presente nel settore.<\/p><p>Abbiamo raccolto la sua testimonianza diretta per raccontare, con parole autentiche, il percorso che l\u2019ha portata a conquistare questo traguardo.<\/p>\t\t\t\t\t\t\t\t<\/div>\n\t\t\t\t<\/div>\n\t\t\t\t<div class=\"elementor-element elementor-element-1a1b45e9 elementor-widget elementor-widget-heading\" data-id=\"1a1b45e9\" data-element_type=\"widget\" data-e-type=\"widget\" data-widget_type=\"heading.default\">\n\t\t\t\t<div class=\"elementor-widget-container\">\n\t\t\t\t\t<p class=\"elementor-heading-title elementor-size-default\">Ciao Sheila, cosa ti ha spinto ad accettare la sfida di diventare Site Manager?<\/p>\t\t\t\t<\/div>\n\t\t\t\t<\/div>\n\t\t\t\t<div class=\"elementor-element elementor-element-e70fe65 elementor-widget elementor-widget-text-editor\" data-id=\"e70fe65\" data-element_type=\"widget\" data-e-type=\"widget\" data-widget_type=\"text-editor.default\">\n\t\t\t\t<div class=\"elementor-widget-container\">\n\t\t\t\t\t\t\t\t\t<p>Diventare Site Manager non era nei miei piani iniziali, ma con il tempo e l\u2019esperienza, \u00e8 diventato un passo naturale. All\u2019interno del team, \u00e8 emerso che avevo le caratteristiche giuste per ricoprire questo ruolo di guida e coordinamento, e cos\u00ec \u00e8 nata l\u2019opportunit\u00e0.<\/p><p>Il mio obiettivo era chiaro: volevo concentrarmi sulla parte operativa della Demont, immergermi nel lavoro pratico, capire come funziona davvero. Per me, non c\u2019era nulla di pi\u00f9 stimolante che \u2018sporcarmi le mani\u2019 e vivere il cantiere in prima persona.<\/p><p>Nonostante le difficolt\u00e0, come lavorare in container, sotto la pioggia e lontano da casa, volevo essere l\u00ec, vedere ogni fase del processo. Perch\u00e9 credo fermamente che, per crescere in un\u2019azienda, sia fondamentale conoscere ogni aspetto della produzione e capire come nascono i risultati.<\/p>\t\t\t\t\t\t\t\t<\/div>\n\t\t\t\t<\/div>\n\t\t\t\t<div class=\"elementor-element elementor-element-7f63686 elementor-widget elementor-widget-heading\" data-id=\"7f63686\" data-element_type=\"widget\" data-e-type=\"widget\" data-widget_type=\"heading.default\">\n\t\t\t\t<div class=\"elementor-widget-container\">\n\t\t\t\t\t<p class=\"elementor-heading-title elementor-size-default\">Cosa fa esattamente un Site Manager?<\/p>\t\t\t\t<\/div>\n\t\t\t\t<\/div>\n\t\t\t\t<div class=\"elementor-element elementor-element-29a6f195 elementor-widget elementor-widget-text-editor\" data-id=\"29a6f195\" data-element_type=\"widget\" data-e-type=\"widget\" data-widget_type=\"text-editor.default\">\n\t\t\t\t<div class=\"elementor-widget-container\">\n\t\t\t\t\t\t\t\t\t<p>Mi occupo principalmente dell&#8217;organizzazione e della gestione del cantiere. Questo significa gestire la logistica, la sicurezza e le condizioni di lavoro delle persone.<\/p><p>Ogni giorno, coordino la programmazione monitorando costantemente l&#8217;avanzamento del lavoro, organizzando le squadre e gestendo i rapporti con il cliente. Devo avere il controllo totale su ogni aspetto del cantiere, risolvendo problemi e garantendo che tutto proceda in modo fluido e sicuro.<\/p>\t\t\t\t\t\t\t\t<\/div>\n\t\t\t\t<\/div>\n\t\t\t\t\t<\/div>\n\t\t<\/div>\n\t\t\t\t<div class=\"elementor-column elementor-col-50 elementor-inner-column elementor-element elementor-element-45da1c36\" data-id=\"45da1c36\" data-element_type=\"column\" data-e-type=\"column\">\n\t\t\t<div class=\"elementor-widget-wrap elementor-element-populated\">\n\t\t\t\t\t\t<div class=\"elementor-element elementor-element-519c60b4 elementor-widget elementor-widget-heading\" data-id=\"519c60b4\" data-element_type=\"widget\" data-e-type=\"widget\" data-widget_type=\"heading.default\">\n\t\t\t\t<div class=\"elementor-widget-container\">\n\t\t\t\t\t<p class=\"elementor-heading-title elementor-size-default\">Cosa significa per te essere la prima donna Site Manager in Demont? Come vivi questa responsabilit\u00e0?<\/p>\t\t\t\t<\/div>\n\t\t\t\t<\/div>\n\t\t\t\t<div class=\"elementor-element elementor-element-494d79fc elementor-widget elementor-widget-text-editor\" data-id=\"494d79fc\" data-element_type=\"widget\" data-e-type=\"widget\" data-widget_type=\"text-editor.default\">\n\t\t\t\t<div class=\"elementor-widget-container\">\n\t\t\t\t\t\t\t\t\t<p>Essere la prima Site Manager donna in Demont \u00e8 una sfida che affronto con determinazione e orgoglio. Mi sento supportata da un team solido, composto da giovani motivati e tecnici esperti e credo molto nel lavoro di squadra.<\/p><p>Lavorare in cantiere richiede determinazione, indipendentemente dal genere. Il valore si dimostra con i fatti: ascolto, visione e capacit\u00e0 di risolvere problemi sono qualit\u00e0 che fanno la differenza, al di l\u00e0 di ogni stereotipo.\u00a0 Contribuire con uno sguardo nuovo e soluzioni efficaci aiuta a cambiare la cultura, passo dopo passo.<\/p>\t\t\t\t\t\t\t\t<\/div>\n\t\t\t\t<\/div>\n\t\t\t\t<div class=\"elementor-element elementor-element-70159150 elementor-widget elementor-widget-heading\" data-id=\"70159150\" data-element_type=\"widget\" data-e-type=\"widget\" data-widget_type=\"heading.default\">\n\t\t\t\t<div class=\"elementor-widget-container\">\n\t\t\t\t\t<p class=\"elementor-heading-title elementor-size-default\">Qual \u00e8 la sfida pi\u00f9 grande che affronti nel tuo ruolo?<\/p>\t\t\t\t<\/div>\n\t\t\t\t<\/div>\n\t\t\t\t<div class=\"elementor-element elementor-element-6543b672 elementor-widget elementor-widget-text-editor\" data-id=\"6543b672\" data-element_type=\"widget\" data-e-type=\"widget\" data-widget_type=\"text-editor.default\">\n\t\t\t\t<div class=\"elementor-widget-container\">\n\t\t\t\t\t\t\t\t\t<p>Bilanciare la gestione tecnica con la programmazione delle attivit\u00e0 e delle risorse. Ogni membro del team tende a concentrarsi sul proprio compito, mentre io devo fare un passo indietro e avere una visione d\u2019insieme.<\/p><p>Non \u00e8 sempre facile, soprattutto quando si devono raggiungere obiettivi ambiziosi. Serve lucidit\u00e0, equilibrio e la capacit\u00e0 di tenere insieme tutti i pezzi del puzzle, anche nei momenti di pressione.<\/p>\t\t\t\t\t\t\t\t<\/div>\n\t\t\t\t<\/div>\n\t\t\t\t<div class=\"elementor-element elementor-element-7d8ab234 elementor-widget elementor-widget-heading\" data-id=\"7d8ab234\" data-element_type=\"widget\" data-e-type=\"widget\" data-widget_type=\"heading.default\">\n\t\t\t\t<div class=\"elementor-widget-container\">\n\t\t\t\t\t<p class=\"elementor-heading-title elementor-size-default\">Cosa vorresti dimostrare al termine di questo progetto? Che messaggio ti piacerebbe trasmettere alle donne che si affacciano a questo mondo?<\/p>\t\t\t\t<\/div>\n\t\t\t\t<\/div>\n\t\t\t\t<div class=\"elementor-element elementor-element-6982b5b9 elementor-widget elementor-widget-text-editor\" data-id=\"6982b5b9\" data-element_type=\"widget\" data-e-type=\"widget\" data-widget_type=\"text-editor.default\">\n\t\t\t\t<div class=\"elementor-widget-container\">\n\t\t\t\t\t\t\t\t\t<p>Spero di dimostrare che anche in un settore tecnico e storicamente maschile come questo, una donna pu\u00f2 gestire un team, prendere decisioni complesse e portare a termine un progetto con competenza e autorevolezza.<\/p><p>Troppe volte siamo noi stesse a tirarci indietro, pensando che certi ruoli non siano \u201cper noi\u201d. Invece, con coraggio e spirito di adattamento, possiamo non solo farcela \u2014 ma anche portare un punto di vista nuovo, pi\u00f9 ampio, pi\u00f9 lucido. Non dobbiamo escluderci da ambienti come quello di una raffineria: \u00e8 proprio l\u00ec che possiamo fare la differenza. Pi\u00f9 donne entrano in questi contesti, pi\u00f9 si amplia la visione.<\/p>\t\t\t\t\t\t\t\t<\/div>\n\t\t\t\t<\/div>\n\t\t\t\t<div class=\"elementor-element elementor-element-d351a4d elementor-widget__width-initial elementor-widget elementor-widget-heading\" data-id=\"d351a4d\" data-element_type=\"widget\" data-e-type=\"widget\" data-widget_type=\"heading.default\">\n\t\t\t\t<div class=\"elementor-widget-container\">\n\t\t\t\t\t<p class=\"elementor-heading-title elementor-size-default\">Oltre il cantiere: una storia di valore<\/p>\t\t\t\t<\/div>\n\t\t\t\t<\/div>\n\t\t\t\t<div class=\"elementor-element elementor-element-ba57d5e elementor-widget elementor-widget-text-editor\" data-id=\"ba57d5e\" data-element_type=\"widget\" data-e-type=\"widget\" data-widget_type=\"text-editor.default\">\n\t\t\t\t<div class=\"elementor-widget-container\">\n\t\t\t\t\t\t\t\t\t<p>La nomina di Sheila rappresenta molto pi\u00f9 di una \u201cprima volta\u201d: \u00e8 un segnale concreto del cambiamento in atto. In Demont, i ruoli non sono definiti da categorie, ma dal valore che ciascuna persona porta.<\/p><p>Sheila ha mostrato che anche in contesti storicamente poco inclusivi, \u00e8 possibile affermarsi come riferimento tecnico e umano. Quando il talento ha spazio per esprimersi, la prospettiva cambia per tutti.<\/p><p><strong>Oggi celebriamo un traguardo. Domani sar\u00e0 parte della nostra identit\u00e0.<\/strong><\/p>\t\t\t\t\t\t\t\t<\/div>\n\t\t\t\t<\/div>\n\t\t\t\t\t<\/div>\n\t\t<\/div>\n\t\t\t\t\t<\/div>\n\t\t<\/section>\n\t\t\t\t\t<\/div>\n\t\t<\/div>\n\t\t\t\t\t<\/div>\n\t\t<\/section>\n\t\t\t\t<\/div>\n\t\t","protected":false},"excerpt":{"rendered":"<p>l&#8217;intervista La parola a Sheila Prima Site Manager nella storia di Demont Il percorso di Sheila non era prestabilito. Da bambina osservava il padre dirigere i cantieri in Demont, senza immaginare che un giorno avrebbe assunto a sua volta un ruolo di guida. Eppure, passo dopo passo, ha scelto di affrontare le stesse sfide, portando [&hellip;]<\/p>\n","protected":false},"author":3,"featured_media":0,"parent":18662,"menu_order":0,"comment_status":"closed","ping_status":"closed","template":"","meta":{"_acf_changed":false,"footnotes":""},"class_list":["post-20912","page","type-page","status-publish","hentry"],"acf":[],"_links":{"self":[{"href":"https:\/\/www.demont.it\/it\/wp-json\/wp\/v2\/pages\/20912","targetHints":{"allow":["GET"]}}],"collection":[{"href":"https:\/\/www.demont.it\/it\/wp-json\/wp\/v2\/pages"}],"about":[{"href":"https:\/\/www.demont.it\/it\/wp-json\/wp\/v2\/types\/page"}],"author":[{"embeddable":true,"href":"https:\/\/www.demont.it\/it\/wp-json\/wp\/v2\/users\/3"}],"replies":[{"embeddable":true,"href":"https:\/\/www.demont.it\/it\/wp-json\/wp\/v2\/comments?post=20912"}],"version-history":[{"count":0,"href":"https:\/\/www.demont.it\/it\/wp-json\/wp\/v2\/pages\/20912\/revisions"}],"up":[{"embeddable":true,"href":"https:\/\/www.demont.it\/it\/wp-json\/wp\/v2\/pages\/18662"}],"wp:attachment":[{"href":"https:\/\/www.demont.it\/it\/wp-json\/wp\/v2\/media?parent=20912"}],"curies":[{"name":"wp","href":"https:\/\/api.w.org\/{rel}","templated":true}]}}