{"id":8783,"date":"2022-12-03T17:05:07","date_gmt":"2022-12-03T16:05:07","guid":{"rendered":"https:\/\/www.demont.it\/NUOVO\/?page_id=8783"},"modified":"2022-12-20T09:13:22","modified_gmt":"2022-12-20T08:13:22","slug":"profilo","status":"publish","type":"page","link":"https:\/\/www.demont.it\/it\/chi-siamo\/profilo\/","title":{"rendered":"Profilo"},"content":{"rendered":"\t\t<div data-elementor-type=\"wp-page\" data-elementor-id=\"8783\" class=\"elementor elementor-8783\" data-elementor-settings=\"{&quot;ha_cmc_init_switcher&quot;:&quot;no&quot;}\" data-elementor-post-type=\"page\">\n\t\t\t\t\t\t<section class=\"elementor-section elementor-top-section elementor-element elementor-element-47d6278f elementor-section-height-min-height elementor-section-items-stretch elementor-section-content-middle elementor-section-full_width elementor-section-height-default\" data-id=\"47d6278f\" data-element_type=\"section\" data-e-type=\"section\" data-settings=\"{&quot;background_background&quot;:&quot;classic&quot;,&quot;_ha_eqh_enable&quot;:false}\">\n\t\t\t\t\t\t\t<div class=\"elementor-background-overlay\"><\/div>\n\t\t\t\t\t\t\t<div class=\"elementor-container elementor-column-gap-no\">\n\t\t\t\t\t<div class=\"elementor-column elementor-col-100 elementor-top-column elementor-element elementor-element-20daa2ac\" data-id=\"20daa2ac\" data-element_type=\"column\" data-e-type=\"column\">\n\t\t\t<div class=\"elementor-widget-wrap elementor-element-populated\">\n\t\t\t\t\t\t<div class=\"elementor-element elementor-element-75553b0b elementor-invisible elementor-widget elementor-widget-heading\" data-id=\"75553b0b\" data-element_type=\"widget\" data-e-type=\"widget\" data-settings=\"{&quot;_animation&quot;:&quot;fadeIn&quot;}\" data-widget_type=\"heading.default\">\n\t\t\t\t<div class=\"elementor-widget-container\">\n\t\t\t\t\t<h1 class=\"elementor-heading-title elementor-size-default\">Il Nostro Futuro \u00e8 Adesso<\/h1>\t\t\t\t<\/div>\n\t\t\t\t<\/div>\n\t\t\t\t\t<\/div>\n\t\t<\/div>\n\t\t\t\t\t<\/div>\n\t\t<\/section>\n\t\t\t\t<section class=\"elementor-section elementor-top-section elementor-element elementor-element-1485a099 elementor-section-content-middle elementor-reverse-mobile elementor-section-height-min-height elementor-section-items-stretch elementor-reverse-tablet elementor-section-full_width elementor-section-height-default\" data-id=\"1485a099\" data-element_type=\"section\" data-e-type=\"section\" data-settings=\"{&quot;background_background&quot;:&quot;classic&quot;,&quot;_ha_eqh_enable&quot;:false}\">\n\t\t\t\t\t\t<div class=\"elementor-container elementor-column-gap-no\">\n\t\t\t\t\t<div class=\"elementor-column elementor-col-50 elementor-top-column elementor-element elementor-element-67b99216\" data-id=\"67b99216\" data-element_type=\"column\" data-e-type=\"column\" data-settings=\"{&quot;background_background&quot;:&quot;classic&quot;}\">\n\t\t\t<div class=\"elementor-widget-wrap elementor-element-populated\">\n\t\t\t\t\t\t<div class=\"elementor-element elementor-element-191b81d elementor-hidden-desktop elementor-widget elementor-widget-spacer\" data-id=\"191b81d\" data-element_type=\"widget\" data-e-type=\"widget\" data-widget_type=\"spacer.default\">\n\t\t\t\t<div class=\"elementor-widget-container\">\n\t\t\t\t\t\t\t<div class=\"elementor-spacer\">\n\t\t\t<div class=\"elementor-spacer-inner\"><\/div>\n\t\t<\/div>\n\t\t\t\t\t\t<\/div>\n\t\t\t\t<\/div>\n\t\t\t\t\t<\/div>\n\t\t<\/div>\n\t\t\t\t<div class=\"elementor-column elementor-col-50 elementor-top-column elementor-element elementor-element-4ad252ab\" data-id=\"4ad252ab\" data-element_type=\"column\" data-e-type=\"column\">\n\t\t\t<div class=\"elementor-widget-wrap elementor-element-populated\">\n\t\t\t\t\t\t<div class=\"elementor-element elementor-element-9c87ac9 elementor-widget elementor-widget-heading\" data-id=\"9c87ac9\" data-element_type=\"widget\" data-e-type=\"widget\" data-widget_type=\"heading.default\">\n\t\t\t\t<div class=\"elementor-widget-container\">\n\t\t\t\t\t<p class=\"elementor-heading-title elementor-size-default\">come vediamo il futuro<\/p>\t\t\t\t<\/div>\n\t\t\t\t<\/div>\n\t\t\t\t<div class=\"elementor-element elementor-element-56cfd41 elementor-widget elementor-widget-heading\" data-id=\"56cfd41\" data-element_type=\"widget\" data-e-type=\"widget\" data-widget_type=\"heading.default\">\n\t\t\t\t<div class=\"elementor-widget-container\">\n\t\t\t\t\t<h2 class=\"elementor-heading-title elementor-size-default\">Il nostro Domani<\/h2>\t\t\t\t<\/div>\n\t\t\t\t<\/div>\n\t\t\t\t<div class=\"elementor-element elementor-element-dad4ac9 elementor-widget elementor-widget-text-editor\" data-id=\"dad4ac9\" data-element_type=\"widget\" data-e-type=\"widget\" data-widget_type=\"text-editor.default\">\n\t\t\t\t<div class=\"elementor-widget-container\">\n\t\t\t\t\t\t\t\t\t<p><strong>Guardiamo lontano per essere preparati ad affrontare il futuro<\/strong> inteso come insieme degli scenari possibili in cui potremmo trovarci ad operare nel medio e nel lungo periodo.<\/p><p>La vita ci ha insegnato che quando l\u2019avvenire diventa presente non \u00e8 mai come l\u2019abbiamo immaginato, anche se con l\u2019<strong>esperienza<\/strong> abbiamo imparato a capire quali contesti sono pi\u00f9 probabili rispetto ad altri.<\/p><p>Pensate al Covid: potevamo aspettarcelo? Eppure, quando \u00e8 arrivata la pandemia, la fermata di Saras l\u2019abbiamo affrontata e portata a termine. Come abbiamo fatto? Ci eravamo <strong>organizzati fin nei minimi dettagli<\/strong> per affrontare ogni possibile avvenimento inatteso.<\/p><p>Certo non potevamo immaginarci la pandemia, ma essere stati <strong>pronti ad affrontare un gran numero di imprevisti<\/strong> ci ha aiutato, pur con grande impegno e fatica, a gestire e superare anche questo.<\/p><p>Per noi, avere una visione significa <strong>non considerare o scegliere per comodit\u00e0 un solo scenario possibile, ma essere capaci di vederli tutti<\/strong>.<\/p>\t\t\t\t\t\t\t\t<\/div>\n\t\t\t\t<\/div>\n\t\t\t\t\t<\/div>\n\t\t<\/div>\n\t\t\t\t\t<\/div>\n\t\t<\/section>\n\t\t\t\t<section class=\"elementor-section elementor-top-section elementor-element elementor-element-de9e488 elementor-section-content-middle elementor-section-height-min-height elementor-section-items-stretch elementor-section-full_width elementor-section-height-default\" data-id=\"de9e488\" data-element_type=\"section\" data-e-type=\"section\" data-settings=\"{&quot;background_background&quot;:&quot;classic&quot;,&quot;_ha_eqh_enable&quot;:false}\">\n\t\t\t\t\t\t<div class=\"elementor-container elementor-column-gap-no\">\n\t\t\t\t\t<div class=\"elementor-column elementor-col-50 elementor-top-column elementor-element elementor-element-6839667\" data-id=\"6839667\" data-element_type=\"column\" data-e-type=\"column\">\n\t\t\t<div class=\"elementor-widget-wrap elementor-element-populated\">\n\t\t\t\t\t\t<div class=\"elementor-element elementor-element-38f8f9b elementor-widget elementor-widget-heading\" data-id=\"38f8f9b\" data-element_type=\"widget\" data-e-type=\"widget\" data-widget_type=\"heading.default\">\n\t\t\t\t<div class=\"elementor-widget-container\">\n\t\t\t\t\t<p class=\"elementor-heading-title elementor-size-default\">come affrontiamo il presente<\/p>\t\t\t\t<\/div>\n\t\t\t\t<\/div>\n\t\t\t\t<div class=\"elementor-element elementor-element-73456a4 elementor-widget elementor-widget-heading\" data-id=\"73456a4\" data-element_type=\"widget\" data-e-type=\"widget\" data-widget_type=\"heading.default\">\n\t\t\t\t<div class=\"elementor-widget-container\">\n\t\t\t\t\t<h2 class=\"elementor-heading-title elementor-size-default\">Il nostro Oggi<\/h2>\t\t\t\t<\/div>\n\t\t\t\t<\/div>\n\t\t\t\t<div class=\"elementor-element elementor-element-fd3c2f6 elementor-widget elementor-widget-text-editor\" data-id=\"fd3c2f6\" data-element_type=\"widget\" data-e-type=\"widget\" data-widget_type=\"text-editor.default\">\n\t\t\t\t<div class=\"elementor-widget-container\">\n\t\t\t\t\t\t\t\t\t<p><strong>Siamo sempre pronti<\/strong> ad affrontare con grande determinazione ci\u00f2 che accade, perch\u00e9 abbiamo fiducia nella nostra capacit\u00e0 di prevedere variabili e questo ci stimola ad affrontare contesti sempre diversi.<\/p><p>Abbiamo la voglia e la spinta per <strong>sostenere nuove sfide<\/strong>, portando a termine tutto ci\u00f2 che serve <strong>affinch\u00e9 l&#8217;azienda possa vivere<\/strong>, NON sopravvivere.<\/p><p>Vivere significa essere <strong>padroni del proprio destino<\/strong>, sopravvivere vuol dire agire cercando di adeguarci agli eventi.<\/p><p>Noi <strong>vogliamo cavalcare il cambiamento e NON accettarlo passivamente<\/strong>, essere protagonisti e costruttori del nostro futuro, seguendo e NON subendo le regole.<\/p><p>Siamo consapevoli che quelle non le facciamo noi, ma &#8211; proprio perch\u00e9 siamo estremamente competitivi &#8211; <strong>ci piace arrivare prima degli altri<\/strong> rispettandole.<\/p>\t\t\t\t\t\t\t\t<\/div>\n\t\t\t\t<\/div>\n\t\t\t\t\t<\/div>\n\t\t<\/div>\n\t\t\t\t<div class=\"elementor-column elementor-col-50 elementor-top-column elementor-element elementor-element-8e994b1\" data-id=\"8e994b1\" data-element_type=\"column\" data-e-type=\"column\" data-settings=\"{&quot;background_background&quot;:&quot;classic&quot;}\">\n\t\t\t<div class=\"elementor-widget-wrap elementor-element-populated\">\n\t\t\t\t\t<div class=\"elementor-background-overlay\"><\/div>\n\t\t\t\t\t\t<div class=\"elementor-element elementor-element-fa2ab0a elementor-hidden-desktop elementor-widget elementor-widget-spacer\" data-id=\"fa2ab0a\" data-element_type=\"widget\" data-e-type=\"widget\" data-widget_type=\"spacer.default\">\n\t\t\t\t<div class=\"elementor-widget-container\">\n\t\t\t\t\t\t\t<div class=\"elementor-spacer\">\n\t\t\t<div class=\"elementor-spacer-inner\"><\/div>\n\t\t<\/div>\n\t\t\t\t\t\t<\/div>\n\t\t\t\t<\/div>\n\t\t\t\t\t<\/div>\n\t\t<\/div>\n\t\t\t\t\t<\/div>\n\t\t<\/section>\n\t\t\t\t<\/div>\n\t\t","protected":false},"excerpt":{"rendered":"<p>Il Nostro Futuro \u00e8 Adesso come vediamo il futuro Il nostro Domani Guardiamo lontano per essere preparati ad affrontare il futuro inteso come insieme degli scenari possibili in cui potremmo trovarci ad operare nel medio e nel lungo periodo. La vita ci ha insegnato che quando l\u2019avvenire diventa presente non \u00e8 mai come l\u2019abbiamo immaginato, [&hellip;]<\/p>\n","protected":false},"author":1,"featured_media":0,"parent":8377,"menu_order":0,"comment_status":"closed","ping_status":"closed","template":"","meta":{"_acf_changed":false,"footnotes":""},"class_list":["post-8783","page","type-page","status-publish","hentry"],"acf":[],"_links":{"self":[{"href":"https:\/\/www.demont.it\/it\/wp-json\/wp\/v2\/pages\/8783","targetHints":{"allow":["GET"]}}],"collection":[{"href":"https:\/\/www.demont.it\/it\/wp-json\/wp\/v2\/pages"}],"about":[{"href":"https:\/\/www.demont.it\/it\/wp-json\/wp\/v2\/types\/page"}],"author":[{"embeddable":true,"href":"https:\/\/www.demont.it\/it\/wp-json\/wp\/v2\/users\/1"}],"replies":[{"embeddable":true,"href":"https:\/\/www.demont.it\/it\/wp-json\/wp\/v2\/comments?post=8783"}],"version-history":[{"count":0,"href":"https:\/\/www.demont.it\/it\/wp-json\/wp\/v2\/pages\/8783\/revisions"}],"up":[{"embeddable":true,"href":"https:\/\/www.demont.it\/it\/wp-json\/wp\/v2\/pages\/8377"}],"wp:attachment":[{"href":"https:\/\/www.demont.it\/it\/wp-json\/wp\/v2\/media?parent=8783"}],"curies":[{"name":"wp","href":"https:\/\/api.w.org\/{rel}","templated":true}]}}