{"id":9455,"date":"2022-12-07T14:15:45","date_gmt":"2022-12-07T13:15:45","guid":{"rendered":"https:\/\/www.demont.it\/NUOVO\/?page_id=9455"},"modified":"2026-01-16T17:29:00","modified_gmt":"2026-01-16T16:29:00","slug":"governance","status":"publish","type":"page","link":"https:\/\/www.demont.it\/it\/chi-siamo\/governance\/","title":{"rendered":"Governance"},"content":{"rendered":"\t\t<div data-elementor-type=\"wp-page\" data-elementor-id=\"9455\" class=\"elementor elementor-9455\" data-elementor-settings=\"{&quot;ha_cmc_init_switcher&quot;:&quot;no&quot;}\" data-elementor-post-type=\"page\">\n\t\t\t\t\t\t<section class=\"elementor-section elementor-top-section elementor-element elementor-element-6610200d elementor-section-height-min-height elementor-section-items-stretch elementor-section-content-middle elementor-section-full_width elementor-section-height-default\" data-id=\"6610200d\" data-element_type=\"section\" data-e-type=\"section\" data-settings=\"{&quot;background_background&quot;:&quot;classic&quot;,&quot;_ha_eqh_enable&quot;:false}\">\n\t\t\t\t\t\t\t<div class=\"elementor-background-overlay\"><\/div>\n\t\t\t\t\t\t\t<div class=\"elementor-container elementor-column-gap-no\">\n\t\t\t\t\t<div class=\"elementor-column elementor-col-100 elementor-top-column elementor-element elementor-element-4682e166\" data-id=\"4682e166\" data-element_type=\"column\" data-e-type=\"column\">\n\t\t\t<div class=\"elementor-widget-wrap elementor-element-populated\">\n\t\t\t\t\t\t<div class=\"elementor-element elementor-element-6ebea471 elementor-invisible elementor-widget elementor-widget-heading\" data-id=\"6ebea471\" data-element_type=\"widget\" data-e-type=\"widget\" data-settings=\"{&quot;_animation&quot;:&quot;fadeIn&quot;}\" data-widget_type=\"heading.default\">\n\t\t\t\t<div class=\"elementor-widget-container\">\n\t\t\t\t\t<h1 class=\"elementor-heading-title elementor-size-default\">Corporate Governance<\/h1>\t\t\t\t<\/div>\n\t\t\t\t<\/div>\n\t\t\t\t\t<\/div>\n\t\t<\/div>\n\t\t\t\t\t<\/div>\n\t\t<\/section>\n\t\t\t\t<section class=\"elementor-section elementor-top-section elementor-element elementor-element-439e32c7 elementor-section-boxed elementor-section-height-default elementor-section-height-default\" data-id=\"439e32c7\" data-element_type=\"section\" data-e-type=\"section\" data-settings=\"{&quot;background_background&quot;:&quot;classic&quot;,&quot;_ha_eqh_enable&quot;:false}\">\n\t\t\t\t\t\t<div class=\"elementor-container elementor-column-gap-default\">\n\t\t\t\t\t<div class=\"elementor-column elementor-col-100 elementor-top-column elementor-element elementor-element-52e5cdd\" data-id=\"52e5cdd\" data-element_type=\"column\" data-e-type=\"column\">\n\t\t\t<div class=\"elementor-widget-wrap elementor-element-populated\">\n\t\t\t\t\t\t<div class=\"elementor-element elementor-element-3e554cba elementor-widget elementor-widget-heading\" data-id=\"3e554cba\" data-element_type=\"widget\" data-e-type=\"widget\" data-widget_type=\"heading.default\">\n\t\t\t\t<div class=\"elementor-widget-container\">\n\t\t\t\t\t<h2 class=\"elementor-heading-title elementor-size-default\">Il nostro Sistema di Governance<\/h2>\t\t\t\t<\/div>\n\t\t\t\t<\/div>\n\t\t\t\t<div class=\"elementor-element elementor-element-7edd52df elementor-widget elementor-widget-text-editor\" data-id=\"7edd52df\" data-element_type=\"widget\" data-e-type=\"widget\" data-widget_type=\"text-editor.default\">\n\t\t\t\t<div class=\"elementor-widget-container\">\n\t\t\t\t\t\t\t\t\t<p>Le <a href=\"https:\/\/www.demont.it\/it\/esg\/governance-and-business\/\">politiche di Governance<\/a> adottate in Demont si basano su un insieme di princ\u00ecpi, regole e procedure appositamente concepite per garantire la <strong>gestione efficiente della Societ\u00e0<\/strong>, orientandone le decisioni in termini di <strong>responsabilit\u00e0<\/strong>, <strong>trasparenza<\/strong>, <strong>buone norme di comportamento<\/strong>, <strong>mitigazione dei rischi<\/strong>, <strong>diritti <\/strong>e <strong>doveri<\/strong>.<\/p><p>In linea con gli standard stabiliti dalle best practice nazionali ed internazionali, il nostro Sistema di Governance ha come scopo principale quello di <strong>guidare l&#8217;Impresa<\/strong> attraverso la complessit\u00e0 delle situazioni in cui opera, indirizzandola <strong>verso soluzioni<\/strong> <strong>rispettose della legalit\u00e0<\/strong>\u00a0e profittevoli a lungo termine.<\/p>\t\t\t\t\t\t\t\t<\/div>\n\t\t\t\t<\/div>\n\t\t\t\t\t<\/div>\n\t\t<\/div>\n\t\t\t\t\t<\/div>\n\t\t<\/section>\n\t\t\t\t<section class=\"elementor-section elementor-top-section elementor-element elementor-element-2cfad6d elementor-section-boxed elementor-section-height-default elementor-section-height-default\" data-id=\"2cfad6d\" data-element_type=\"section\" data-e-type=\"section\" data-settings=\"{&quot;background_background&quot;:&quot;classic&quot;,&quot;_ha_eqh_enable&quot;:false}\">\n\t\t\t\t\t\t<div class=\"elementor-container elementor-column-gap-default\">\n\t\t\t\t\t<div class=\"elementor-column elementor-col-100 elementor-top-column elementor-element elementor-element-4483de1\" data-id=\"4483de1\" data-element_type=\"column\" data-e-type=\"column\">\n\t\t\t<div class=\"elementor-widget-wrap elementor-element-populated\">\n\t\t\t\t\t\t<div class=\"elementor-element elementor-element-5507c45 elementor-widget elementor-widget-heading\" data-id=\"5507c45\" data-element_type=\"widget\" data-e-type=\"widget\" data-widget_type=\"heading.default\">\n\t\t\t\t<div class=\"elementor-widget-container\">\n\t\t\t\t\t<h3 class=\"elementor-heading-title elementor-size-default\">Organigramma Aziendale<\/h3>\t\t\t\t<\/div>\n\t\t\t\t<\/div>\n\t\t\t\t<div class=\"elementor-element elementor-element-ca00752 elementor-widget elementor-widget-text-editor\" data-id=\"ca00752\" data-element_type=\"widget\" data-e-type=\"widget\" data-widget_type=\"text-editor.default\">\n\t\t\t\t<div class=\"elementor-widget-container\">\n\t\t\t\t\t\t\t\t\t<p>Ultimo aggiornamento 16.01.2026<\/p>\t\t\t\t\t\t\t\t<\/div>\n\t\t\t\t<\/div>\n\t\t\t\t<div class=\"elementor-element elementor-element-91d3e47 elementor-widget elementor-widget-image\" data-id=\"91d3e47\" data-element_type=\"widget\" data-e-type=\"widget\" data-widget_type=\"image.default\">\n\t\t\t\t<div class=\"elementor-widget-container\">\n\t\t\t\t\t\t\t\t\t\t\t\t\t\t\t<img fetchpriority=\"high\" decoding=\"async\" width=\"1417\" height=\"1747\" src=\"https:\/\/www.demont.it\/wp-content\/uploads\/2026\/01\/organigramma-generale-16-01-26-ITA.png\" class=\"attachment-full size-full wp-image-21111\" alt=\"\" srcset=\"https:\/\/www.demont.it\/wp-content\/uploads\/2026\/01\/organigramma-generale-16-01-26-ITA.png 1417w, https:\/\/www.demont.it\/wp-content\/uploads\/2026\/01\/organigramma-generale-16-01-26-ITA-243x300.png 243w, https:\/\/www.demont.it\/wp-content\/uploads\/2026\/01\/organigramma-generale-16-01-26-ITA-831x1024.png 831w, https:\/\/www.demont.it\/wp-content\/uploads\/2026\/01\/organigramma-generale-16-01-26-ITA-768x947.png 768w, https:\/\/www.demont.it\/wp-content\/uploads\/2026\/01\/organigramma-generale-16-01-26-ITA-1246x1536.png 1246w\" sizes=\"(max-width: 1417px) 100vw, 1417px\" \/>\t\t\t\t\t\t\t\t\t\t\t\t\t\t\t<\/div>\n\t\t\t\t<\/div>\n\t\t\t\t<div class=\"elementor-element elementor-element-a06133a elementor-widget elementor-widget-text-editor\" data-id=\"a06133a\" data-element_type=\"widget\" data-e-type=\"widget\" data-widget_type=\"text-editor.default\">\n\t\t\t\t<div class=\"elementor-widget-container\">\n\t\t\t\t\t\t\t\t\t<p>*Responsabile commerciale ed operativo<br \/>**DDL Soggetto titolare del rapporto di lavoro con i lavoratori che esercita i poteri decisionali e di spesa ex D. Lgs. 81\/08 e s.m.i.<br \/>***Incarico ricoperto da una rappresentante della Holding controllante<\/p>\t\t\t\t\t\t\t\t<\/div>\n\t\t\t\t<\/div>\n\t\t\t\t\t<\/div>\n\t\t<\/div>\n\t\t\t\t\t<\/div>\n\t\t<\/section>\n\t\t\t\t<\/div>\n\t\t","protected":false},"excerpt":{"rendered":"<p>Corporate Governance Il nostro Sistema di Governance Le politiche di Governance adottate in Demont si basano su un insieme di princ\u00ecpi, regole e procedure appositamente concepite per garantire la gestione efficiente della Societ\u00e0, orientandone le decisioni in termini di responsabilit\u00e0, trasparenza, buone norme di comportamento, mitigazione dei rischi, diritti e doveri. In linea con gli [&hellip;]<\/p>\n","protected":false},"author":3,"featured_media":0,"parent":8377,"menu_order":0,"comment_status":"closed","ping_status":"closed","template":"","meta":{"_acf_changed":false,"footnotes":""},"class_list":["post-9455","page","type-page","status-publish","hentry"],"acf":[],"_links":{"self":[{"href":"https:\/\/www.demont.it\/it\/wp-json\/wp\/v2\/pages\/9455","targetHints":{"allow":["GET"]}}],"collection":[{"href":"https:\/\/www.demont.it\/it\/wp-json\/wp\/v2\/pages"}],"about":[{"href":"https:\/\/www.demont.it\/it\/wp-json\/wp\/v2\/types\/page"}],"author":[{"embeddable":true,"href":"https:\/\/www.demont.it\/it\/wp-json\/wp\/v2\/users\/3"}],"replies":[{"embeddable":true,"href":"https:\/\/www.demont.it\/it\/wp-json\/wp\/v2\/comments?post=9455"}],"version-history":[{"count":3,"href":"https:\/\/www.demont.it\/it\/wp-json\/wp\/v2\/pages\/9455\/revisions"}],"predecessor-version":[{"id":21115,"href":"https:\/\/www.demont.it\/it\/wp-json\/wp\/v2\/pages\/9455\/revisions\/21115"}],"up":[{"embeddable":true,"href":"https:\/\/www.demont.it\/it\/wp-json\/wp\/v2\/pages\/8377"}],"wp:attachment":[{"href":"https:\/\/www.demont.it\/it\/wp-json\/wp\/v2\/media?parent=9455"}],"curies":[{"name":"wp","href":"https:\/\/api.w.org\/{rel}","templated":true}]}}